{"id":64,"date":"2016-08-02T11:18:55","date_gmt":"2016-08-02T11:18:55","guid":{"rendered":"https:\/\/www.caminhosdeferro.pt\/loja\/?post_type=product&#038;p=64"},"modified":"2021-11-10T20:58:11","modified_gmt":"2021-11-10T20:58:11","slug":"trainspotter-i-setembro-2016","status":"publish","type":"product","link":"https:\/\/www.caminhosdeferro.pt\/loja\/produto\/trainspotter-i-setembro-2016\/","title":{"rendered":"Trainspotter I &#8211; O Comboio Presidencial"},"content":{"rendered":"<p style=\"text-align: justify;\"><strong>Primeira edi\u00e7\u00e3o impressa da Trainspotter<\/strong><\/p>\n<p>Reedi\u00e7\u00e3o do primeiro n\u00famero impresso devido \u00e0 grande procura existente &#8211; mantido pre\u00e7o da primeira edi\u00e7\u00e3o.<\/p>\n<p>A presente edi\u00e7\u00e3o inclui:<\/p>\n<ul>\n<li>A hist\u00f3ria do Comboio Presidencial<\/li>\n<li>O restauro integral<\/li>\n<li>Ensaios e inaugura\u00e7\u00e3o do restauro<\/li>\n<li>O Comboio das Artes<\/li>\n<li>Viagem \u00e0 linha da Beira Baixa<\/li>\n<li>A visita a Vila Real de Santo Ant\u00f3nio<\/li>\n<li>Vila Joya no Douro<\/li>\n<\/ul>\n<p>Revista 100% a cores e com papel de boa qualidade.<\/p>\n<p>Ver em informa\u00e7\u00e3o adicional detalhes sobre as possibilidades de entrega.<\/p>\n<p>A revista Trainspotter \u00e9 editada pelo portal <a href=\"http:\/\/www.portugalferroviario.net\" target=\"_blank\" rel=\"noopener noreferrer\">Portugal Ferrovi\u00e1rio<\/a> e a sua edi\u00e7\u00e3o impressa \u00e9 cedida gratuitamente \u00e0 APAC, que a imprime e distribui. As verbas reunidas permitir\u00e3o investir em projetos de preserva\u00e7\u00e3o ferrovi\u00e1ria. Comprar a Trainspotter \u00e9 colaborar com a preserva\u00e7\u00e3o da mem\u00f3ria coletiva!<\/p>\n","protected":false},"excerpt":{"rendered":"<p style=\"text-align: justify;\">A Trainspotter I \u00e9 uma edi\u00e7\u00e3o dedicada ao Comboio Presidencial!<\/p>\n<p style=\"text-align: justify;\">Contamos com a colabora\u00e7\u00e3o de v\u00e1rios autores que emprestam a esta edi\u00e7\u00e3o de 56 p\u00e1ginas os seus melhores textos e fotografias de um comboio de excep\u00e7\u00e3o.<\/p>\n","protected":false},"featured_media":65,"comment_status":"open","ping_status":"closed","template":"","meta":[],"product_brand":[],"product_cat":[11],"product_tag":[13,14,12],"class_list":{"0":"post-64","1":"product","2":"type-product","3":"status-publish","4":"has-post-thumbnail","6":"product_cat-trainspotter-versao-impressa","7":"product_tag-comboio-presidencial","8":"product_tag-mnf","9":"product_tag-revista","10":"product_shipping_class-livros","12":"first","13":"outofstock","14":"taxable","15":"shipping-taxable","16":"purchasable","17":"product-type-simple"},"_links":{"self":[{"href":"https:\/\/www.caminhosdeferro.pt\/loja\/wp-json\/wp\/v2\/product\/64","targetHints":{"allow":["GET"]}}],"collection":[{"href":"https:\/\/www.caminhosdeferro.pt\/loja\/wp-json\/wp\/v2\/product"}],"about":[{"href":"https:\/\/www.caminhosdeferro.pt\/loja\/wp-json\/wp\/v2\/types\/product"}],"replies":[{"embeddable":true,"href":"https:\/\/www.caminhosdeferro.pt\/loja\/wp-json\/wp\/v2\/comments?post=64"}],"wp:featuredmedia":[{"embeddable":true,"href":"https:\/\/www.caminhosdeferro.pt\/loja\/wp-json\/wp\/v2\/media\/65"}],"wp:attachment":[{"href":"https:\/\/www.caminhosdeferro.pt\/loja\/wp-json\/wp\/v2\/media?parent=64"}],"wp:term":[{"taxonomy":"product_brand","embeddable":true,"href":"https:\/\/www.caminhosdeferro.pt\/loja\/wp-json\/wp\/v2\/product_brand?post=64"},{"taxonomy":"product_cat","embeddable":true,"href":"https:\/\/www.caminhosdeferro.pt\/loja\/wp-json\/wp\/v2\/product_cat?post=64"},{"taxonomy":"product_tag","embeddable":true,"href":"https:\/\/www.caminhosdeferro.pt\/loja\/wp-json\/wp\/v2\/product_tag?post=64"}],"curies":[{"name":"wp","href":"https:\/\/api.w.org\/{rel}","templated":true}]}}