{"id":623,"date":"2017-06-28T09:48:13","date_gmt":"2017-06-28T09:48:13","guid":{"rendered":"https:\/\/www.caminhosdeferro.pt\/loja\/?post_type=product&#038;p=623"},"modified":"2026-04-01T22:17:27","modified_gmt":"2026-04-01T22:17:27","slug":"bastao-piloto-241-julho-de-2017","status":"publish","type":"product","link":"https:\/\/www.caminhosdeferro.pt\/loja\/produto\/bastao-piloto-241-julho-de-2017\/","title":{"rendered":"Bast\u00e3o Piloto 241 &#8211; Julho de 2017"},"content":{"rendered":"<p><strong>N\u00famero 241 da Bast\u00e3o Piloto, a revista oficial da APAC<\/strong><\/p>\n<p>A edi\u00e7\u00e3o n\u00ba 241 \u00e9 uma edi\u00e7\u00e3o muito especial de tributo e comemora\u00e7\u00e3o dos 50 anos das locomotivas 1400, e que inclui:<\/p>\n<ul>\n<li>Mil e Quatrocentas, uma revolu\u00e7\u00e3o na trac\u00e7\u00e3o dos nossos caminhos de ferro<\/li>\n<li>1400: Fi\u00e9is companheiras chegam aos 50<\/li>\n<li>As inc\u00f3gnitas locomotivas 1400 na Gazeta dos Caminhos de Ferro<\/li>\n<li>1400s no Algarve, a \u00faltima d\u00e9cada<\/li>\n<li>Locomotivas 1400, o s\u00e9culo XXI de manobras<\/li>\n<li>As mil e quatrocentas na linha do Douro &#8211; Servi\u00e7os, paisagens e a despedida da esta\u00e7\u00e3o &#8220;Central&#8221;<\/li>\n<li>Plano do dia &#8211; Manobras com locomotiva 1400<\/li>\n<li>Reportagem do passeio \u00e0s minas de Riotinto<\/li>\n<li>Vida associativa.<\/li>\n<\/ul>\n<p>Revista 100% a cores, 80 p\u00e1ginas e papel de boa qualidade.<\/p>\n<p>Ver em informa\u00e7\u00e3o adicional detalhes sobre as possibilidades de entrega.<\/p>\n","protected":false},"excerpt":{"rendered":"<p>O novo n\u00famero da Bast\u00e3o Piloto estar\u00e1 dispon\u00edvel a partir da 3\u00aa semana de Julho. Esta edi\u00e7\u00e3o \u00e9 quase por completo dedicada \u00e0s locomotivas 1400, que celebram este ano o seu 50\u00ba anivers\u00e1rio.<\/p>\n<p style=\"text-align: justify;\">Na nova edi\u00e7\u00e3o, com 80 p\u00e1ginas, a APAC edita-o numa edi\u00e7\u00e3o 100% a cores de elevada qualidade e com alguns dos melhores textos produzidos pelos nossos associados, consagrados a temas muito diversos.<\/p>\n<p style=\"text-align: justify;\">A\u00a0Bast\u00e3o Piloto \u00e9 distribu\u00eddo gratuitamente aos s\u00f3cios da APAC com quotiza\u00e7\u00f5es em dia. Se ainda n\u00e3o \u00e9 s\u00f3cio da APAC e pretende ajudar-nos na defesa e divulga\u00e7\u00e3o do caminho de ferro, <a href=\"https:\/\/www.caminhosdeferro.pt\/sobre-a-associacao\/torne-se-socio\/\" target=\"_blank\" rel=\"noopener noreferrer\">veja nesta liga\u00e7\u00e3o como pode associar-se a n\u00f3s<\/a> e receber tamb\u00e9m a\u00a0Bast\u00e3o Piloto.<\/p>\n<p>Encomende j\u00e1 e garanta o seu exemplar de uma edi\u00e7\u00e3o muito especial!<\/p>\n","protected":false},"featured_media":624,"comment_status":"open","ping_status":"closed","template":"","meta":[],"product_brand":[],"product_cat":[9],"product_tag":[79,55],"class_list":{"0":"post-623","1":"product","2":"type-product","3":"status-publish","4":"has-post-thumbnail","6":"product_cat-bastao-piloto","7":"product_tag-cp-1400","8":"product_tag-linha-do-douro","9":"product_shipping_class-livros","11":"first","12":"instock","13":"taxable","14":"shipping-taxable","15":"purchasable","16":"product-type-simple"},"_links":{"self":[{"href":"https:\/\/www.caminhosdeferro.pt\/loja\/wp-json\/wp\/v2\/product\/623","targetHints":{"allow":["GET"]}}],"collection":[{"href":"https:\/\/www.caminhosdeferro.pt\/loja\/wp-json\/wp\/v2\/product"}],"about":[{"href":"https:\/\/www.caminhosdeferro.pt\/loja\/wp-json\/wp\/v2\/types\/product"}],"replies":[{"embeddable":true,"href":"https:\/\/www.caminhosdeferro.pt\/loja\/wp-json\/wp\/v2\/comments?post=623"}],"wp:featuredmedia":[{"embeddable":true,"href":"https:\/\/www.caminhosdeferro.pt\/loja\/wp-json\/wp\/v2\/media\/624"}],"wp:attachment":[{"href":"https:\/\/www.caminhosdeferro.pt\/loja\/wp-json\/wp\/v2\/media?parent=623"}],"wp:term":[{"taxonomy":"product_brand","embeddable":true,"href":"https:\/\/www.caminhosdeferro.pt\/loja\/wp-json\/wp\/v2\/product_brand?post=623"},{"taxonomy":"product_cat","embeddable":true,"href":"https:\/\/www.caminhosdeferro.pt\/loja\/wp-json\/wp\/v2\/product_cat?post=623"},{"taxonomy":"product_tag","embeddable":true,"href":"https:\/\/www.caminhosdeferro.pt\/loja\/wp-json\/wp\/v2\/product_tag?post=623"}],"curies":[{"name":"wp","href":"https:\/\/api.w.org\/{rel}","templated":true}]}}