{"id":513,"date":"2017-04-01T22:11:18","date_gmt":"2017-04-01T22:11:18","guid":{"rendered":"https:\/\/www.caminhosdeferro.pt\/loja\/produto\/trainspotter-iv-julho-2017-pre-venda-ate-15-de-junho\/"},"modified":"2026-02-02T22:25:17","modified_gmt":"2026-02-02T22:25:17","slug":"trainspotter-iv-julho-2017-pre-venda-ate-15-de-junho","status":"publish","type":"product","link":"https:\/\/www.caminhosdeferro.pt\/loja\/produto\/trainspotter-iv-julho-2017-pre-venda-ate-15-de-junho\/","title":{"rendered":"Trainspotter IV &#8211; A Linha do Alentejo"},"content":{"rendered":"<p style=\"text-align: justify;\"><strong>Quarta\u00a0edi\u00e7\u00e3o impressa da Trainspotter<\/strong><\/p>\n<p>A presente edi\u00e7\u00e3o inclui:<\/p>\n<ul>\n<li>A hist\u00f3ria da linha do Alentejo<\/li>\n<li>As esta\u00e7\u00f5es e os apeadeiros<\/li>\n<li>Os azulejos<\/li>\n<li>As renova\u00e7\u00f5es de via<\/li>\n<li>O servi\u00e7o de passageiros<\/li>\n<li>O servi\u00e7o de mercadorias e ramais particulares<\/li>\n<li>O material circulante na linha do Alentejo<\/li>\n<\/ul>\n<p>Revista 100% a cores e com papel de muito boa qualidade. M\u00ednimo de 64 p\u00e1ginas, encaderna\u00e7\u00e3o com capa fresada e colada e lombada identificadora.<\/p>\n<p>Ver em informa\u00e7\u00e3o adicional detalhes sobre as possibilidades de entrega.<\/p>\n<p>A revista Trainspotter \u00e9 editada pelo portal <a href=\"http:\/\/www.portugalferroviario.net\" target=\"_blank\" rel=\"noopener noreferrer\">Portugal Ferrovi\u00e1rio<\/a> e a sua edi\u00e7\u00e3o impressa \u00e9 cedida gratuitamente \u00e0 APAC, que a imprime e distribui. As verbas reunidas permitir\u00e3o investir em projetos de preserva\u00e7\u00e3o ferrovi\u00e1ria. Comprar a Trainspotter \u00e9 colaborar com a preserva\u00e7\u00e3o da mem\u00f3ria coletiva!<\/p>\n","protected":false},"excerpt":{"rendered":"<p style=\"text-align: justify;\">A Trainspotter\u00a0IV \u00e9 dedicada \u00e0 linha do Alentejo.<\/p>\n<p style=\"text-align: justify;\">Contamos com a colabora\u00e7\u00e3o de v\u00e1rios autores que emprestam a esta edi\u00e7\u00e3o pelo menos 64\u00a0p\u00e1ginas os seus melhores textos e fotografias pelo Alentejo profundo.<\/p>\n<p>Entrega a partir de in\u00edcio de Dezembro 2020.<\/p>\n","protected":false},"featured_media":514,"comment_status":"open","ping_status":"closed","template":"","meta":[],"product_brand":[],"product_cat":[11],"product_tag":[68,69,49,67,51],"class_list":{"0":"post-513","1":"product","2":"type-product","3":"status-publish","4":"has-post-thumbnail","6":"product_cat-trainspotter-versao-impressa","7":"product_tag-cp-0100","8":"product_tag-cp-0350","9":"product_tag-historia","10":"product_tag-linha-do-alentejo","11":"product_tag-tecnica","12":"product_shipping_class-livros","14":"first","15":"outofstock","16":"taxable","17":"shipping-taxable","18":"purchasable","19":"product-type-simple"},"_links":{"self":[{"href":"https:\/\/www.caminhosdeferro.pt\/loja\/wp-json\/wp\/v2\/product\/513","targetHints":{"allow":["GET"]}}],"collection":[{"href":"https:\/\/www.caminhosdeferro.pt\/loja\/wp-json\/wp\/v2\/product"}],"about":[{"href":"https:\/\/www.caminhosdeferro.pt\/loja\/wp-json\/wp\/v2\/types\/product"}],"replies":[{"embeddable":true,"href":"https:\/\/www.caminhosdeferro.pt\/loja\/wp-json\/wp\/v2\/comments?post=513"}],"wp:featuredmedia":[{"embeddable":true,"href":"https:\/\/www.caminhosdeferro.pt\/loja\/wp-json\/wp\/v2\/media\/514"}],"wp:attachment":[{"href":"https:\/\/www.caminhosdeferro.pt\/loja\/wp-json\/wp\/v2\/media?parent=513"}],"wp:term":[{"taxonomy":"product_brand","embeddable":true,"href":"https:\/\/www.caminhosdeferro.pt\/loja\/wp-json\/wp\/v2\/product_brand?post=513"},{"taxonomy":"product_cat","embeddable":true,"href":"https:\/\/www.caminhosdeferro.pt\/loja\/wp-json\/wp\/v2\/product_cat?post=513"},{"taxonomy":"product_tag","embeddable":true,"href":"https:\/\/www.caminhosdeferro.pt\/loja\/wp-json\/wp\/v2\/product_tag?post=513"}],"curies":[{"name":"wp","href":"https:\/\/api.w.org\/{rel}","templated":true}]}}