{"id":378,"date":"2016-12-25T19:00:57","date_gmt":"2016-12-25T19:00:57","guid":{"rendered":"https:\/\/www.caminhosdeferro.pt\/loja\/?post_type=product&#038;p=378"},"modified":"2023-04-20T19:09:56","modified_gmt":"2023-04-20T19:09:56","slug":"trainspotter-iii-marco-2017-pre-venda-ate-28-de-fevereiro-de-2017","status":"publish","type":"product","link":"https:\/\/www.caminhosdeferro.pt\/loja\/produto\/trainspotter-iii-marco-2017-pre-venda-ate-28-de-fevereiro-de-2017\/","title":{"rendered":"Trainspotter III &#8211; As locomotivas 2500 e 2550"},"content":{"rendered":"<p style=\"text-align: justify;\"><strong>Terceira edi\u00e7\u00e3o impressa da Trainspotter<\/strong><\/p>\n<p>A presente edi\u00e7\u00e3o inclui:<\/p>\n<ul>\n<li>A eletrifica\u00e7\u00e3o 25kV<\/li>\n<li>As locomotivas 2500<\/li>\n<li>O projeto das locomotivas 2550<\/li>\n<li>A carreira das locomotivas, por etapas<\/li>\n<li>Manuten\u00e7\u00e3o e estat\u00edsticas<\/li>\n<li>Na cabine de uma 2550<\/li>\n<li>Os exemplares preservados<\/li>\n<li>Os modelos \u00e0 escala<\/li>\n<\/ul>\n<p>Revista 100% a cores e com papel de muito boa qualidade.<\/p>\n<p>Ver em informa\u00e7\u00e3o adicional detalhes sobre as possibilidades de entrega.<\/p>\n<p>A revista Trainspotter \u00e9 editada pelo portal <a href=\"http:\/\/www.portugalferroviario.net\" target=\"_blank\" rel=\"noopener\">Portugal Ferrovi\u00e1rio<\/a> e a sua edi\u00e7\u00e3o impressa \u00e9 cedida gratuitamente \u00e0 APAC, que a imprime e distribui. As verbas reunidas permitir\u00e3o investir em projetos de preserva\u00e7\u00e3o ferrovi\u00e1ria. Comprar a Trainspotter \u00e9 colaborar com a preserva\u00e7\u00e3o da mem\u00f3ria coletiva!<\/p>\n","protected":false},"excerpt":{"rendered":"<p style=\"text-align: justify;\">A Trainspotter III \u00e9 dedicada \u00e0s m\u00edticas locomotivas 2500 e 2550\u00a0da CP.<\/p>\n<p style=\"text-align: justify;\">Contamos com a colabora\u00e7\u00e3o de v\u00e1rios autores que emprestam a esta edi\u00e7\u00e3o 68\u00a0p\u00e1ginas os seus melhores textos e fotografias de locomotivas de excep\u00e7\u00e3o.<\/p>\n<p style=\"text-align: justify;\">Desfrute\u00a0por isso da oportunidade de reservar o seu exemplar a um pre\u00e7o muito especial!<\/p>\n","protected":false},"featured_media":379,"comment_status":"open","ping_status":"closed","template":"","meta":[],"product_brand":[],"product_cat":[11],"product_tag":[63,64,66,38,65,49,51],"class_list":{"0":"post-378","1":"product","2":"type-product","3":"status-publish","4":"has-post-thumbnail","6":"product_cat-trainspotter-versao-impressa","7":"product_tag-cp-2500","8":"product_tag-cp-2550","9":"product_tag-eletrificacao","10":"product_tag-fotografia","11":"product_tag-groupment-50hz","12":"product_tag-historia","13":"product_tag-tecnica","14":"product_shipping_class-livros","16":"first","17":"outofstock","18":"taxable","19":"shipping-taxable","20":"purchasable","21":"product-type-simple"},"_links":{"self":[{"href":"https:\/\/www.caminhosdeferro.pt\/loja\/wp-json\/wp\/v2\/product\/378","targetHints":{"allow":["GET"]}}],"collection":[{"href":"https:\/\/www.caminhosdeferro.pt\/loja\/wp-json\/wp\/v2\/product"}],"about":[{"href":"https:\/\/www.caminhosdeferro.pt\/loja\/wp-json\/wp\/v2\/types\/product"}],"replies":[{"embeddable":true,"href":"https:\/\/www.caminhosdeferro.pt\/loja\/wp-json\/wp\/v2\/comments?post=378"}],"wp:featuredmedia":[{"embeddable":true,"href":"https:\/\/www.caminhosdeferro.pt\/loja\/wp-json\/wp\/v2\/media\/379"}],"wp:attachment":[{"href":"https:\/\/www.caminhosdeferro.pt\/loja\/wp-json\/wp\/v2\/media?parent=378"}],"wp:term":[{"taxonomy":"product_brand","embeddable":true,"href":"https:\/\/www.caminhosdeferro.pt\/loja\/wp-json\/wp\/v2\/product_brand?post=378"},{"taxonomy":"product_cat","embeddable":true,"href":"https:\/\/www.caminhosdeferro.pt\/loja\/wp-json\/wp\/v2\/product_cat?post=378"},{"taxonomy":"product_tag","embeddable":true,"href":"https:\/\/www.caminhosdeferro.pt\/loja\/wp-json\/wp\/v2\/product_tag?post=378"}],"curies":[{"name":"wp","href":"https:\/\/api.w.org\/{rel}","templated":true}]}}