{"id":352,"date":"2016-12-03T13:17:24","date_gmt":"2016-12-03T13:17:24","guid":{"rendered":"https:\/\/www.caminhosdeferro.pt\/loja\/?post_type=product&#038;p=352"},"modified":"2026-03-19T19:20:30","modified_gmt":"2026-03-19T19:20:30","slug":"bastao-piloto-240-dezembro-de-2016","status":"publish","type":"product","link":"https:\/\/www.caminhosdeferro.pt\/loja\/produto\/bastao-piloto-240-dezembro-de-2016\/","title":{"rendered":"Bast\u00e3o Piloto 240 &#8211; Dezembro de 2016"},"content":{"rendered":"<p><strong>N\u00famero 240 da Bast\u00e3o Piloto, a revista oficial da APAC<\/strong><\/p>\n<p>A edi\u00e7\u00e3o n\u00ba 240 inclui os seguintes temas:<\/p>\n<ul>\n<li>Carruagens do Sul e Sueste &#8211; Cap\u00edtulo V<\/li>\n<li>Preserva\u00e7\u00e3o da mem\u00f3ria da sinaliza\u00e7\u00e3o ferrovi\u00e1ria<\/li>\n<li>As ferrovias em Portugal: uma breve perspectiva hist\u00f3rica baseada na Regi\u00e3o do Douro<\/li>\n<li>Projeto de publica\u00e7\u00e3o de um livro sobre o\u00a0caminho-de-ferro da Beira Alta<\/li>\n<li>A rede de el\u00e9tricos de Lisboa entre 1900 e 1910<\/li>\n<li>Interoperabilidade &#8211; Tentativa de abertura do espa\u00e7o ferrovi\u00e1rio europeu<\/li>\n<li>Esta\u00e7\u00f5es de Londres<\/li>\n<li>Ramal de Reguengos<\/li>\n<li>Oh, Sintra, glorioso \u00c9den&#8230; &#8211; o almo\u00e7o de anivers\u00e1rio da APAC<\/li>\n<li>APAC &#8211; Um pouco de hist\u00f3ria e perspetivas de futuro<\/li>\n<\/ul>\n<p>&nbsp;<\/p>\n<p>Revista 100% a cores e com papel de muito boa qualidade.<\/p>\n<p>Ver em informa\u00e7\u00e3o adicional detalhes sobre as possibilidades de entrega.<\/p>\n","protected":false},"excerpt":{"rendered":"<p>O novo n\u00famero da Bast\u00e3o Piloto \u00e9 publicado em Dezembro de 2016.<\/p>\n<p style=\"text-align: justify;\">Na nova edi\u00e7\u00e3o, com 64 p\u00e1ginas, a APAC edita-o numa edi\u00e7\u00e3o 100% a cores de elevada qualidade e com alguns dos melhores textos produzidos pelos nossos associados, consagrados a temas muito diversos.<\/p>\n<p style=\"text-align: justify;\">A\u00a0Bast\u00e3o Piloto \u00e9 distribu\u00eddo gratuitamente aos s\u00f3cios da APAC com quotiza\u00e7\u00f5es em dia. Se ainda n\u00e3o \u00e9 s\u00f3cio da APAC e pretende ajudar-nos na defesa e divulga\u00e7\u00e3o do caminho de ferro, <a href=\"https:\/\/www.caminhosdeferro.pt\/sobre-a-associacao\/torne-se-socio\/\" target=\"_blank\" rel=\"noopener noreferrer\">veja nesta liga\u00e7\u00e3o como pode associar-se a n\u00f3s<\/a> e receber tamb\u00e9m a\u00a0Bast\u00e3o Piloto.<\/p>\n","protected":false},"featured_media":353,"comment_status":"open","ping_status":"closed","template":"","meta":[],"product_brand":[],"product_cat":[9],"product_tag":[42,43,50,61,62,49,59,54,58,55,56,57,53,60,52,51],"class_list":{"0":"post-352","1":"product","2":"type-product","3":"status-publish","4":"has-post-thumbnail","6":"product_cat-bastao-piloto","7":"product_tag-carris","8":"product_tag-carros-eletricos","9":"product_tag-carruagens","10":"product_tag-eletrico-de-sintra","11":"product_tag-eventos","12":"product_tag-historia","13":"product_tag-interoperabilidade","14":"product_tag-linha-da-beira-alta","15":"product_tag-linha-do-corgo","16":"product_tag-linha-do-douro","17":"product_tag-linha-do-tamega","18":"product_tag-linha-do-tua","19":"product_tag-preservacao","20":"product_tag-ramal-de-reguengos","21":"product_tag-sinalizacao","22":"product_tag-tecnica","23":"product_shipping_class-livros","25":"first","26":"outofstock","27":"taxable","28":"shipping-taxable","29":"purchasable","30":"product-type-simple"},"_links":{"self":[{"href":"https:\/\/www.caminhosdeferro.pt\/loja\/wp-json\/wp\/v2\/product\/352","targetHints":{"allow":["GET"]}}],"collection":[{"href":"https:\/\/www.caminhosdeferro.pt\/loja\/wp-json\/wp\/v2\/product"}],"about":[{"href":"https:\/\/www.caminhosdeferro.pt\/loja\/wp-json\/wp\/v2\/types\/product"}],"replies":[{"embeddable":true,"href":"https:\/\/www.caminhosdeferro.pt\/loja\/wp-json\/wp\/v2\/comments?post=352"}],"wp:featuredmedia":[{"embeddable":true,"href":"https:\/\/www.caminhosdeferro.pt\/loja\/wp-json\/wp\/v2\/media\/353"}],"wp:attachment":[{"href":"https:\/\/www.caminhosdeferro.pt\/loja\/wp-json\/wp\/v2\/media?parent=352"}],"wp:term":[{"taxonomy":"product_brand","embeddable":true,"href":"https:\/\/www.caminhosdeferro.pt\/loja\/wp-json\/wp\/v2\/product_brand?post=352"},{"taxonomy":"product_cat","embeddable":true,"href":"https:\/\/www.caminhosdeferro.pt\/loja\/wp-json\/wp\/v2\/product_cat?post=352"},{"taxonomy":"product_tag","embeddable":true,"href":"https:\/\/www.caminhosdeferro.pt\/loja\/wp-json\/wp\/v2\/product_tag?post=352"}],"curies":[{"name":"wp","href":"https:\/\/api.w.org\/{rel}","templated":true}]}}