{"id":2236,"date":"2019-05-29T18:42:38","date_gmt":"2019-05-29T18:42:38","guid":{"rendered":"http:\/\/www.caminhosdeferro.pt\/loja\/?post_type=product&#038;p=2236"},"modified":"2025-12-14T13:20:42","modified_gmt":"2025-12-14T13:20:42","slug":"carruagens-do-sul-e-sueste","status":"publish","type":"product","link":"https:\/\/www.caminhosdeferro.pt\/loja\/produto\/carruagens-do-sul-e-sueste\/","title":{"rendered":"Carruagens do Sul e Sueste"},"content":{"rendered":"<p>Este livro, o primeiro de uma s\u00e9rie que procurar\u00e1 descrever todas as carruagens de via larga que pertenceram \u00e0s diversas companhias portuguesas desde os prim\u00f3rdios do caminho de ferro at\u00e9 aos nossos dias, \u00e9 o resultado da grande paix\u00e3o do autor pelo tema, paix\u00e3o talvez nascida nas viagens para a Beira Alta, na meninice. Da recorda\u00e7\u00e3o do momento m\u00e1gico que era o da mudan\u00e7a de comboio em Coimbra ou na Pampilhosa onde se apeava de modernas carruagens de bogies para tomar lugar em pequenas, mas confort\u00e1veis, carruagens de dois eixos, umas vezes verdes outras, quase sempre, de madeira envernizada com os corrim\u00e3os em lat\u00e3o, sempre brilhantes, e com aquele caracter\u00edstico e entranhado cheiro a fumo.<\/p>\n<p>Mas resulta igualmente dos apontamentos tomados em horas e horas passadas nas esta\u00e7\u00f5es, na juventude e na adolesc\u00eancia, e da incessante investiga\u00e7\u00e3o, cada vez mais sistematizada, levada a cabo nos \u00faltimos quarenta anos, nos tempos livres que a vida profissional ia deixando.<\/p>\n<p>Nos Caminhos de Ferro do Sul e Sueste existiram menos de 200 carruagens. Cerca de 80 nos parques das duas companhias originais, \u201cdos Brasileiros \u201c e \u201cInglesa\u201d, de que nos ocuparemos no primeiro cap\u00edtulo, seguidas por 103 + 61 j\u00e1 adquiridas pelos C.F. do Estado que s\u00e3o o objecto dos cap\u00edtulos dois e tr\u00eas, cap\u00edtulos bastante mais circunstanciados e documentados que o anterior. Seguem-se as 24 G\u00f6rlitz, as \u00fanicas met\u00e1licas, que se descrevem no quarto cap\u00edtulo, e o quinto, e mais longo, \u00e9 o dedicado \u00e0s de bogies porque, apesar de serem menos de 20 no total, foram as que tivera hist\u00f3rias mais movimentadas e que mais modifica\u00e7\u00f5es conheceram ao longo das suas carreiras.<\/p>\n<p>O livro trata igualmente, nos cap\u00edtulos quarto e quinto, de algumas carruagens da outra divis\u00e3o dos Caminhos de Ferro do Estado, o Minho e Douro. Carruagens em tudo id\u00eanticas \u00e0s dos C.F.S. e adquiridas em conjunto com estas pelo Estado.<\/p>\n<p><strong>\u00cdndice<\/strong><\/p>\n<ul>\n<li>A \u00e9poca her\u00f3ica\n<ul>\n<li>Carruagens da &#8220;Companhia dos Brasileiros&#8221;<\/li>\n<li>Carruagens da Companhia do Sueste<\/li>\n<\/ul>\n<\/li>\n<li>O primeiro parque de carruagens &#8220;Estado&#8221; do Sul e Sueste<\/li>\n<li>As Carruagens de Empatamento Longo<\/li>\n<li>As Armist\u00edcio<\/li>\n<li>As de Bogies\n<ul>\n<li>Pioneiras<\/li>\n<li>Ex. Wagons Lits<\/li>\n<li>Feitas nas Oficinas do Barreiro<\/li>\n<li>Ragheno<\/li>\n<\/ul>\n<\/li>\n<li>Agradecimentos<\/li>\n<li>Bibliografia<\/li>\n<\/ul>\n","protected":false},"excerpt":{"rendered":"<h2>Apontamentos para a Hist\u00f3ria das Carruagens dos Caminhos de Ferro Portugueses &#8211; Volume I<\/h2>\n<p>O primeiro volume de uma colec\u00e7\u00e3o sobre as carruagens dos caminhos de ferro portugueses, da autoria de Fernando Cunha Pedreira.<\/p>\n<p>Esta obra inclui 61 desenhos, 70 fotografias e 15 quadros, preenchendo ricamente um livro de excepcional import\u00e2ncia hist\u00f3rica. As receitas do livro revertem na \u00edntegra para projectos da APAC.<\/p>\n","protected":false},"featured_media":2237,"comment_status":"open","ping_status":"closed","template":"","meta":[],"product_brand":[],"product_cat":[134],"product_tag":[50,49,131],"class_list":{"0":"post-2236","1":"product","2":"type-product","3":"status-publish","4":"has-post-thumbnail","6":"product_cat-livros_apac","7":"product_tag-carruagens","8":"product_tag-historia","9":"product_tag-sul-e-sueste","10":"product_shipping_class-livros-grandes","12":"first","13":"instock","14":"taxable","15":"shipping-taxable","16":"purchasable","17":"product-type-simple"},"_links":{"self":[{"href":"https:\/\/www.caminhosdeferro.pt\/loja\/wp-json\/wp\/v2\/product\/2236","targetHints":{"allow":["GET"]}}],"collection":[{"href":"https:\/\/www.caminhosdeferro.pt\/loja\/wp-json\/wp\/v2\/product"}],"about":[{"href":"https:\/\/www.caminhosdeferro.pt\/loja\/wp-json\/wp\/v2\/types\/product"}],"replies":[{"embeddable":true,"href":"https:\/\/www.caminhosdeferro.pt\/loja\/wp-json\/wp\/v2\/comments?post=2236"}],"wp:featuredmedia":[{"embeddable":true,"href":"https:\/\/www.caminhosdeferro.pt\/loja\/wp-json\/wp\/v2\/media\/2237"}],"wp:attachment":[{"href":"https:\/\/www.caminhosdeferro.pt\/loja\/wp-json\/wp\/v2\/media?parent=2236"}],"wp:term":[{"taxonomy":"product_brand","embeddable":true,"href":"https:\/\/www.caminhosdeferro.pt\/loja\/wp-json\/wp\/v2\/product_brand?post=2236"},{"taxonomy":"product_cat","embeddable":true,"href":"https:\/\/www.caminhosdeferro.pt\/loja\/wp-json\/wp\/v2\/product_cat?post=2236"},{"taxonomy":"product_tag","embeddable":true,"href":"https:\/\/www.caminhosdeferro.pt\/loja\/wp-json\/wp\/v2\/product_tag?post=2236"}],"curies":[{"name":"wp","href":"https:\/\/api.w.org\/{rel}","templated":true}]}}