{"id":2138,"date":"2019-04-23T19:26:45","date_gmt":"2019-04-23T19:26:45","guid":{"rendered":"http:\/\/www.caminhosdeferro.pt\/loja\/?post_type=product&#038;p=2138"},"modified":"2021-11-10T20:58:11","modified_gmt":"2021-11-10T20:58:11","slug":"trainspotter-x-as-locomotivas-euro-4000","status":"publish","type":"product","link":"https:\/\/www.caminhosdeferro.pt\/loja\/produto\/trainspotter-x-as-locomotivas-euro-4000\/","title":{"rendered":"Trainspotter X &#8211; As locomotivas Euro 4000"},"content":{"rendered":"<p><strong>D\u00e9cima edi\u00e7\u00e3o da Trainspotter, vers\u00e3o impressa<\/strong><\/p>\n<p>Estrutura de cap\u00edtulos<\/p>\n<ul>\n<li>Introdu\u00e7\u00e3o<\/li>\n<li>Desenvolvimento da Plataforma Euro 4000<\/li>\n<li>Os servi\u00e7os Ibercargo &#8211; Takargo e Comsa<\/li>\n<li>As locomotivas no mercado Ib\u00e9rico<\/li>\n<li>As locomotivas da Medway<\/li>\n<li>Caracter\u00edsticas T\u00e9cnicas<\/li>\n<li>Manuten\u00e7\u00e3o e Estat\u00edsticas<\/li>\n<li>Aspectos da sua condu\u00e7\u00e3o<\/li>\n<li>Reportagem a bordo de um comboio Takargo<\/li>\n<\/ul>\n<p>Revista 100% a cores e com papel de muito boa qualidade. Com 90 p\u00e1ginas, encaderna\u00e7\u00e3o com capa fresada e colada e lombada identificadora.<\/p>\n<p>Ver em informa\u00e7\u00e3o adicional detalhes sobre as possibilidades de entrega.<\/p>\n<p>A revista Trainspotter \u00e9 editada pelo portal <a href=\"http:\/\/www.portugalferroviario.net\" target=\"_blank\" rel=\"noopener noreferrer\">Portugal Ferrovi\u00e1rio<\/a> e a sua edi\u00e7\u00e3o impressa \u00e9 cedida gratuitamente \u00e0 APAC, que a imprime e distribui. As verbas reunidas permitir\u00e3o investir em projetos de preserva\u00e7\u00e3o ferrovi\u00e1ria. Comprar a Trainspotter \u00e9 colaborar com a preserva\u00e7\u00e3o da mem\u00f3ria coletiva!<\/p>\n","protected":false},"excerpt":{"rendered":"<p style=\"text-align: justify;\">A Trainspotter X \u00e9 uma nova edi\u00e7\u00e3o de coleccionador dedicada \u00e0s locomotivas Euro 4000, que completaram recentemente dez anos de servi\u00e7o em Portugal e que representam o novo mercado ferrovi\u00e1rio de transporte de mercadorias, com a respectiva liberaliza\u00e7\u00e3o e entrada de novas empresas.<\/p>\n<p style=\"text-align: justify;\">Para esta revista, al\u00e9m dos contributos da redac\u00e7\u00e3o habitual da Trainspotter, contamos com in\u00fameras colabora\u00e7\u00f5es de aficionados portugueses e espanh\u00f3is e, como nota de maior destaque, da Takargo. A empresa portuguesa contribuiu decisivamente para fazer desta uma edi\u00e7\u00e3o muit\u00edssimo especial.<\/p>\n","protected":false},"featured_media":2141,"comment_status":"open","ping_status":"closed","template":"","meta":[],"product_brand":[],"product_cat":[11],"product_tag":[128,127,130,38,59,129,125,126,124],"class_list":{"0":"post-2138","1":"product","2":"type-product","3":"status-publish","4":"has-post-thumbnail","6":"product_cat-trainspotter-versao-impressa","7":"product_tag-captrain","8":"product_tag-comsa","9":"product_tag-euro-4000","10":"product_tag-fotografia","11":"product_tag-interoperabilidade","12":"product_tag-medway","13":"product_tag-stadler","14":"product_tag-takargo","15":"product_tag-vossloh","16":"product_shipping_class-livros","18":"first","19":"outofstock","20":"taxable","21":"shipping-taxable","22":"purchasable","23":"product-type-simple"},"_links":{"self":[{"href":"https:\/\/www.caminhosdeferro.pt\/loja\/wp-json\/wp\/v2\/product\/2138","targetHints":{"allow":["GET"]}}],"collection":[{"href":"https:\/\/www.caminhosdeferro.pt\/loja\/wp-json\/wp\/v2\/product"}],"about":[{"href":"https:\/\/www.caminhosdeferro.pt\/loja\/wp-json\/wp\/v2\/types\/product"}],"replies":[{"embeddable":true,"href":"https:\/\/www.caminhosdeferro.pt\/loja\/wp-json\/wp\/v2\/comments?post=2138"}],"wp:featuredmedia":[{"embeddable":true,"href":"https:\/\/www.caminhosdeferro.pt\/loja\/wp-json\/wp\/v2\/media\/2141"}],"wp:attachment":[{"href":"https:\/\/www.caminhosdeferro.pt\/loja\/wp-json\/wp\/v2\/media?parent=2138"}],"wp:term":[{"taxonomy":"product_brand","embeddable":true,"href":"https:\/\/www.caminhosdeferro.pt\/loja\/wp-json\/wp\/v2\/product_brand?post=2138"},{"taxonomy":"product_cat","embeddable":true,"href":"https:\/\/www.caminhosdeferro.pt\/loja\/wp-json\/wp\/v2\/product_cat?post=2138"},{"taxonomy":"product_tag","embeddable":true,"href":"https:\/\/www.caminhosdeferro.pt\/loja\/wp-json\/wp\/v2\/product_tag?post=2138"}],"curies":[{"name":"wp","href":"https:\/\/api.w.org\/{rel}","templated":true}]}}