{"id":2056,"date":"2019-01-17T18:57:06","date_gmt":"2019-01-17T18:57:06","guid":{"rendered":"http:\/\/www.caminhosdeferro.pt\/loja\/?post_type=product&#038;p=2056"},"modified":"2026-05-10T01:21:57","modified_gmt":"2026-05-10T01:21:57","slug":"bastao-piloto-244-dezembro-2018","status":"publish","type":"product","link":"https:\/\/www.caminhosdeferro.pt\/loja\/produto\/bastao-piloto-244-dezembro-2018\/","title":{"rendered":"Bast\u00e3o Piloto 244 &#8211; Dezembro 2018"},"content":{"rendered":"<p>Temas da edi\u00e7\u00e3o 244 do Bast\u00e3o Piloto:<\/p>\n<ul>\n<li>Sud Express &#8211; 130 anos de aventuras sobre carris<\/li>\n<li>Viagem a bordo do Comboio Presidencial<\/li>\n<li>Tra\u00e7\u00e3o a vapor nas linhas americanas portuguesas<\/li>\n<li>Uma viagem pela linha do Minho<\/li>\n<li>A \u00faltima viagem do Flecha de Prata<\/li>\n<li>Linha Vermelha: 20 anos de Inova\u00e7\u00e3o no Metropolitano de Lisboa<\/li>\n<li>Novas publica\u00e7\u00f5es APAC<\/li>\n<li>Vida associativa<\/li>\n<\/ul>\n","protected":false},"excerpt":{"rendered":"<p>N\u00famero 244 da Bast\u00e3o Piloto, revista oficial da APAC<\/p>\n<p>72 p\u00e1ginas, edi\u00e7\u00e3o 100% a cores.<\/p>\n","protected":false},"featured_media":2059,"comment_status":"open","ping_status":"closed","template":"","meta":[],"product_brand":[],"product_cat":[9],"product_tag":[],"class_list":{"0":"post-2056","1":"product","2":"type-product","3":"status-publish","4":"has-post-thumbnail","6":"product_cat-bastao-piloto","7":"product_shipping_class-livros","9":"first","10":"instock","11":"taxable","12":"shipping-taxable","13":"purchasable","14":"product-type-simple"},"_links":{"self":[{"href":"https:\/\/www.caminhosdeferro.pt\/loja\/wp-json\/wp\/v2\/product\/2056","targetHints":{"allow":["GET"]}}],"collection":[{"href":"https:\/\/www.caminhosdeferro.pt\/loja\/wp-json\/wp\/v2\/product"}],"about":[{"href":"https:\/\/www.caminhosdeferro.pt\/loja\/wp-json\/wp\/v2\/types\/product"}],"replies":[{"embeddable":true,"href":"https:\/\/www.caminhosdeferro.pt\/loja\/wp-json\/wp\/v2\/comments?post=2056"}],"wp:featuredmedia":[{"embeddable":true,"href":"https:\/\/www.caminhosdeferro.pt\/loja\/wp-json\/wp\/v2\/media\/2059"}],"wp:attachment":[{"href":"https:\/\/www.caminhosdeferro.pt\/loja\/wp-json\/wp\/v2\/media?parent=2056"}],"wp:term":[{"taxonomy":"product_brand","embeddable":true,"href":"https:\/\/www.caminhosdeferro.pt\/loja\/wp-json\/wp\/v2\/product_brand?post=2056"},{"taxonomy":"product_cat","embeddable":true,"href":"https:\/\/www.caminhosdeferro.pt\/loja\/wp-json\/wp\/v2\/product_cat?post=2056"},{"taxonomy":"product_tag","embeddable":true,"href":"https:\/\/www.caminhosdeferro.pt\/loja\/wp-json\/wp\/v2\/product_tag?post=2056"}],"curies":[{"name":"wp","href":"https:\/\/api.w.org\/{rel}","templated":true}]}}