{"id":20243,"date":"2026-03-07T08:51:22","date_gmt":"2026-03-07T08:51:22","guid":{"rendered":"https:\/\/www.caminhosdeferro.pt\/loja\/?post_type=product&#038;p=20243"},"modified":"2026-04-22T17:27:15","modified_gmt":"2026-04-22T17:27:15","slug":"trainspotter-xv-locomotivas-da-serie-0180","status":"publish","type":"product","link":"https:\/\/www.caminhosdeferro.pt\/loja\/produto\/trainspotter-xv-locomotivas-da-serie-0180\/","title":{"rendered":"Trainspotter XV &#8211; Locomotivas da s\u00e9rie 0180"},"content":{"rendered":"<p><strong>D\u00e9cima quinta edi\u00e7\u00e3o da Trainspotter, vers\u00e3o impressa &#8211; a s\u00e9rie de locomotivas a vapor 0180<\/strong><\/p>\n<p>\u00cdndice:<\/p>\n<ul>\n<li>Introdu\u00e7\u00e3o<\/li>\n<li>As <em>Berkshire<\/em> do Sul e Sueste<\/li>\n<li>Caracter\u00edsticas T\u00e9cnicas<\/li>\n<li>Servi\u00e7os a Sul e Fueliza\u00e7\u00e3o<\/li>\n<li>Maquinista Jo\u00e3o Manuel Soares<\/li>\n<li>1967-1977 &#8211; Apogeu e Decl\u00ednio<\/li>\n<li>1977: o fim do Vapor<\/li>\n<li>Interl\u00fadio<\/li>\n<li>0187 em Estado de Marcha<\/li>\n<li>Duas <em>Berkshire<\/em> em Funcionamento<\/li>\n<li>PTG &#8211; Outubro de 2022 &#8220;Steam Extravaganza&#8221;<\/li>\n<li>Passagem de Testemunho das Locomotivas 0186 e 0187<\/li>\n<li>0186 &#8211; Altos e Baixos<\/li>\n<li>O projecto de dieseliza\u00e7\u00e3o da 0186<\/li>\n<li>Quando o Hist\u00f3rico Regressou ao Douro cheio de Entusiastas<\/li>\n<li>Maquinista Jo\u00e3o Santa<\/li>\n<li>Viagem no Comboio Hist\u00f3rico<\/li>\n<li>Manuten\u00e7\u00e3o das locomotivas a Vapor &#8211; Engenheiro Carlos Machado<\/li>\n<li>Os comboios de Natal<\/li>\n<li>A &#8220;Viagem das Mem\u00f3rias&#8221; no comboio de Natal<\/li>\n<li>Os 100 anos das 0180<\/li>\n<li>As outras sobreviventes da s\u00e9rie<\/li>\n<li>Ep\u00edlogo<\/li>\n<\/ul>\n<p>Formato livro de tamanho A4, com papel de 150 gr e capa dura, com cerca de 140 p\u00e1ginas.<\/p>\n<p>Ver em informa\u00e7\u00e3o adicional detalhes sobre as possibilidades de entrega e prazos previstos.<\/p>\n<p>A revista Trainspotter \u00e9 editada pelo portal <a href=\"http:\/\/www.portugalferroviario.net\" target=\"_blank\" rel=\"noopener noreferrer\">Portugal Ferrovi\u00e1rio<\/a> e a sua edi\u00e7\u00e3o impressa \u00e9 cedida gratuitamente \u00e0 APAC, que a imprime e distribui. As verbas reunidas permitir\u00e3o investir em projetos de preserva\u00e7\u00e3o ferrovi\u00e1ria. Comprar a Trainspotter \u00e9 colaborar com a preserva\u00e7\u00e3o da mem\u00f3ria coletiva!<\/p>\n","protected":false},"excerpt":{"rendered":"<p>Trainspotter XIII &#8211; Edi\u00e7\u00e3o Comemorativa dos 100 anos das locomotivas a vapor da s\u00e9rie 0180.<\/p>\n<p>Uma edi\u00e7\u00e3o de luxo, em formato livro com capa dura de 140 p\u00e1ginas com todos os detalhes da carreira desta s\u00e9rie fundamental de locomotivas do nosso pa\u00eds.<\/p>\n","protected":false},"featured_media":20244,"comment_status":"open","ping_status":"closed","template":"","meta":[],"product_brand":[],"product_cat":[11],"product_tag":[162,163],"class_list":{"0":"post-20243","1":"product","2":"type-product","3":"status-publish","4":"has-post-thumbnail","6":"product_cat-trainspotter-versao-impressa","7":"product_tag-cp-0180","8":"product_tag-trainspotter","9":"product_shipping_class-libros-medios","11":"first","12":"instock","13":"taxable","14":"shipping-taxable","15":"purchasable","16":"product-type-simple"},"_links":{"self":[{"href":"https:\/\/www.caminhosdeferro.pt\/loja\/wp-json\/wp\/v2\/product\/20243","targetHints":{"allow":["GET"]}}],"collection":[{"href":"https:\/\/www.caminhosdeferro.pt\/loja\/wp-json\/wp\/v2\/product"}],"about":[{"href":"https:\/\/www.caminhosdeferro.pt\/loja\/wp-json\/wp\/v2\/types\/product"}],"replies":[{"embeddable":true,"href":"https:\/\/www.caminhosdeferro.pt\/loja\/wp-json\/wp\/v2\/comments?post=20243"}],"wp:featuredmedia":[{"embeddable":true,"href":"https:\/\/www.caminhosdeferro.pt\/loja\/wp-json\/wp\/v2\/media\/20244"}],"wp:attachment":[{"href":"https:\/\/www.caminhosdeferro.pt\/loja\/wp-json\/wp\/v2\/media?parent=20243"}],"wp:term":[{"taxonomy":"product_brand","embeddable":true,"href":"https:\/\/www.caminhosdeferro.pt\/loja\/wp-json\/wp\/v2\/product_brand?post=20243"},{"taxonomy":"product_cat","embeddable":true,"href":"https:\/\/www.caminhosdeferro.pt\/loja\/wp-json\/wp\/v2\/product_cat?post=20243"},{"taxonomy":"product_tag","embeddable":true,"href":"https:\/\/www.caminhosdeferro.pt\/loja\/wp-json\/wp\/v2\/product_tag?post=20243"}],"curies":[{"name":"wp","href":"https:\/\/api.w.org\/{rel}","templated":true}]}}