{"id":20224,"date":"2026-01-31T09:05:35","date_gmt":"2026-01-31T09:05:35","guid":{"rendered":"https:\/\/www.caminhosdeferro.pt\/loja\/?post_type=product&#038;p=20224"},"modified":"2026-03-08T11:32:07","modified_gmt":"2026-03-08T11:32:07","slug":"um-americano-em-braga","status":"publish","type":"product","link":"https:\/\/www.caminhosdeferro.pt\/loja\/produto\/um-americano-em-braga\/","title":{"rendered":"Um Americano em Braga"},"content":{"rendered":"<p>Sinopse<\/p>\n<p>O tramway da capital do Minho tinha caracter\u00edsticas distintivas dos (muitos) outros sistemas que existiram em Portugal. Por um lado, assegurava o transporte no centro comercial da cidade (e a liga\u00e7\u00e3o desta aos arrabaldes industriais e \u00e0 esta\u00e7\u00e3o de caminho de ferro), mas tamb\u00e9m ao grande p\u00f3lo de atra\u00e7\u00e3o tur\u00edstica: o Bom Jesus do Monte.<br \/>\nNos \u00faltimos anos de 1800 era poss\u00edvel viajar sobre carris do alto do Santu\u00e1rio ao centro de Lisboa.<\/p>\n<p>116 p\u00e1ginas<br \/>\n21\u00d728 cm<\/p>\n","protected":false},"excerpt":{"rendered":"<p>Um Americano em Braga<\/p>\n<p>116 p\u00e1ginas<br \/>\n21\u00d728 cm<\/p>\n","protected":false},"featured_media":20225,"comment_status":"open","ping_status":"closed","template":"","meta":[],"product_brand":[],"product_cat":[8],"product_tag":[],"class_list":{"0":"post-20224","1":"product","2":"type-product","3":"status-publish","4":"has-post-thumbnail","6":"product_cat-livros","7":"product_shipping_class-libros-medios","9":"first","10":"instock","11":"taxable","12":"shipping-taxable","13":"purchasable","14":"product-type-simple"},"_links":{"self":[{"href":"https:\/\/www.caminhosdeferro.pt\/loja\/wp-json\/wp\/v2\/product\/20224","targetHints":{"allow":["GET"]}}],"collection":[{"href":"https:\/\/www.caminhosdeferro.pt\/loja\/wp-json\/wp\/v2\/product"}],"about":[{"href":"https:\/\/www.caminhosdeferro.pt\/loja\/wp-json\/wp\/v2\/types\/product"}],"replies":[{"embeddable":true,"href":"https:\/\/www.caminhosdeferro.pt\/loja\/wp-json\/wp\/v2\/comments?post=20224"}],"wp:featuredmedia":[{"embeddable":true,"href":"https:\/\/www.caminhosdeferro.pt\/loja\/wp-json\/wp\/v2\/media\/20225"}],"wp:attachment":[{"href":"https:\/\/www.caminhosdeferro.pt\/loja\/wp-json\/wp\/v2\/media?parent=20224"}],"wp:term":[{"taxonomy":"product_brand","embeddable":true,"href":"https:\/\/www.caminhosdeferro.pt\/loja\/wp-json\/wp\/v2\/product_brand?post=20224"},{"taxonomy":"product_cat","embeddable":true,"href":"https:\/\/www.caminhosdeferro.pt\/loja\/wp-json\/wp\/v2\/product_cat?post=20224"},{"taxonomy":"product_tag","embeddable":true,"href":"https:\/\/www.caminhosdeferro.pt\/loja\/wp-json\/wp\/v2\/product_tag?post=20224"}],"curies":[{"name":"wp","href":"https:\/\/api.w.org\/{rel}","templated":true}]}}