{"id":20057,"date":"2025-02-09T17:11:32","date_gmt":"2025-02-09T17:11:32","guid":{"rendered":"https:\/\/www.caminhosdeferro.pt\/loja\/?post_type=product&#038;p=20057"},"modified":"2026-02-08T15:12:54","modified_gmt":"2026-02-08T15:12:54","slug":"um-americano-entre-vila-do-conde-e-povoa-de-varzim","status":"publish","type":"product","link":"https:\/\/www.caminhosdeferro.pt\/loja\/produto\/um-americano-entre-vila-do-conde-e-povoa-de-varzim\/","title":{"rendered":"Um Americano entre Vila do Conde e P\u00f3voa de Varzim"},"content":{"rendered":"<p>Livro com 148 p\u00e1ginas (aprox. 21 x 28 cm).<\/p>\n<p>Sinopse:<\/p>\n<p>Os sistemas de transporte sobre carris com tra\u00e7\u00e3o animal come\u00e7aram a ser utilizados nos primeiros anos do s\u00e9culo XIX. De in\u00edcio para desloca\u00e7\u00e3o de produtos e materiais de constru\u00e7\u00e3o e, mais tarde, tamb\u00e9m para transporte de pessoas. Em meados daquele s\u00e9culo, nos EUA, o sistema foi adaptado para utiliza\u00e7\u00e3o urbana, sem que os carris interferissem na circula\u00e7\u00e3o de outros ve\u00edculos. Esta inova\u00e7\u00e3o possibilitou a prolifera\u00e7\u00e3o dos sistemas de tramways um pouco por todo o mundo.<br \/>\nEm Portugal, houve Americanos nas principais capitais regionais (Porto, Lisboa, Braga, Funchal&#8230;) e entre localidades (S. Pedro de Muel-Marinha Grande, Figueira-Buarcos, Aveiro-S. Jacinto, Torres Novas-Alcanena\u2026)<br \/>\nO Americano entre Vila do Conde de P\u00f3voa de Varzim foi o mais duradouro com a tra\u00e7\u00e3o animal original: inaugurado em 15 de outubro de 1874, operou durante sessenta anos.<\/p>\n","protected":false},"excerpt":{"rendered":"<p>Um Americano entre Vila do Conde e P\u00f3voa de Varzim<\/p>\n<p>Livro com 148 p\u00e1ginas (aprox. 21 x 28 cm).<\/p>\n","protected":false},"featured_media":20058,"comment_status":"open","ping_status":"closed","template":"","meta":[],"product_brand":[],"product_cat":[8],"product_tag":[],"class_list":{"0":"post-20057","1":"product","2":"type-product","3":"status-publish","4":"has-post-thumbnail","6":"product_cat-livros","7":"product_shipping_class-libros-medios","9":"first","10":"instock","11":"taxable","12":"shipping-taxable","13":"purchasable","14":"product-type-simple"},"_links":{"self":[{"href":"https:\/\/www.caminhosdeferro.pt\/loja\/wp-json\/wp\/v2\/product\/20057","targetHints":{"allow":["GET"]}}],"collection":[{"href":"https:\/\/www.caminhosdeferro.pt\/loja\/wp-json\/wp\/v2\/product"}],"about":[{"href":"https:\/\/www.caminhosdeferro.pt\/loja\/wp-json\/wp\/v2\/types\/product"}],"replies":[{"embeddable":true,"href":"https:\/\/www.caminhosdeferro.pt\/loja\/wp-json\/wp\/v2\/comments?post=20057"}],"wp:featuredmedia":[{"embeddable":true,"href":"https:\/\/www.caminhosdeferro.pt\/loja\/wp-json\/wp\/v2\/media\/20058"}],"wp:attachment":[{"href":"https:\/\/www.caminhosdeferro.pt\/loja\/wp-json\/wp\/v2\/media?parent=20057"}],"wp:term":[{"taxonomy":"product_brand","embeddable":true,"href":"https:\/\/www.caminhosdeferro.pt\/loja\/wp-json\/wp\/v2\/product_brand?post=20057"},{"taxonomy":"product_cat","embeddable":true,"href":"https:\/\/www.caminhosdeferro.pt\/loja\/wp-json\/wp\/v2\/product_cat?post=20057"},{"taxonomy":"product_tag","embeddable":true,"href":"https:\/\/www.caminhosdeferro.pt\/loja\/wp-json\/wp\/v2\/product_tag?post=20057"}],"curies":[{"name":"wp","href":"https:\/\/api.w.org\/{rel}","templated":true}]}}