{"id":19877,"date":"2024-01-07T19:26:24","date_gmt":"2024-01-07T19:26:24","guid":{"rendered":"https:\/\/www.caminhosdeferro.pt\/loja\/?post_type=product&#038;p=19877"},"modified":"2025-09-21T09:57:54","modified_gmt":"2025-09-21T09:57:54","slug":"caminhos-de-ferro-em-s-tome","status":"publish","type":"product","link":"https:\/\/www.caminhosdeferro.pt\/loja\/produto\/caminhos-de-ferro-em-s-tome\/","title":{"rendered":"Caminhos-de-Ferro em S. Tom\u00e9 e Pr\u00edncipe: o Caminho-de-Ferro do Estado e os Caminhos-de-Ferro das Ro\u00e7as"},"content":{"rendered":"<blockquote><p>O livro de Salom\u00e3o Vieira tem 333 p\u00e1ginas e \u00e9 bastante ilustrado (mapas, gravuras, etc.)<\/p><\/blockquote>\n<p>&nbsp;<\/p>\n","protected":false},"excerpt":{"rendered":"<p>O livro de Salom\u00e3o Vieira tem 333 p\u00e1ginas e \u00e9 bastante ilustrado (mapas, gravuras, etc.) &nbsp;<\/p>\n","protected":false},"featured_media":19899,"comment_status":"open","ping_status":"closed","template":"","meta":[],"product_brand":[],"product_cat":[134],"product_tag":[],"class_list":{"0":"post-19877","1":"product","2":"type-product","3":"status-publish","4":"has-post-thumbnail","6":"product_cat-livros_apac","7":"product_shipping_class-libros-medios","9":"first","10":"outofstock","11":"featured","12":"taxable","13":"shipping-taxable","14":"purchasable","15":"product-type-simple"},"_links":{"self":[{"href":"https:\/\/www.caminhosdeferro.pt\/loja\/wp-json\/wp\/v2\/product\/19877","targetHints":{"allow":["GET"]}}],"collection":[{"href":"https:\/\/www.caminhosdeferro.pt\/loja\/wp-json\/wp\/v2\/product"}],"about":[{"href":"https:\/\/www.caminhosdeferro.pt\/loja\/wp-json\/wp\/v2\/types\/product"}],"replies":[{"embeddable":true,"href":"https:\/\/www.caminhosdeferro.pt\/loja\/wp-json\/wp\/v2\/comments?post=19877"}],"wp:featuredmedia":[{"embeddable":true,"href":"https:\/\/www.caminhosdeferro.pt\/loja\/wp-json\/wp\/v2\/media\/19899"}],"wp:attachment":[{"href":"https:\/\/www.caminhosdeferro.pt\/loja\/wp-json\/wp\/v2\/media?parent=19877"}],"wp:term":[{"taxonomy":"product_brand","embeddable":true,"href":"https:\/\/www.caminhosdeferro.pt\/loja\/wp-json\/wp\/v2\/product_brand?post=19877"},{"taxonomy":"product_cat","embeddable":true,"href":"https:\/\/www.caminhosdeferro.pt\/loja\/wp-json\/wp\/v2\/product_cat?post=19877"},{"taxonomy":"product_tag","embeddable":true,"href":"https:\/\/www.caminhosdeferro.pt\/loja\/wp-json\/wp\/v2\/product_tag?post=19877"}],"curies":[{"name":"wp","href":"https:\/\/api.w.org\/{rel}","templated":true}]}}