{"id":19409,"date":"2022-11-10T21:27:54","date_gmt":"2022-11-10T21:27:54","guid":{"rendered":"https:\/\/www.caminhosdeferro.pt\/loja\/?post_type=product&#038;p=19409"},"modified":"2026-03-29T15:59:48","modified_gmt":"2026-03-29T15:59:48","slug":"trainspotter-xiv-as-locomotivas-da-serie-1960-reedicao-ampliada","status":"publish","type":"product","link":"https:\/\/www.caminhosdeferro.pt\/loja\/produto\/trainspotter-xiv-as-locomotivas-da-serie-1960-reedicao-ampliada\/","title":{"rendered":"Trainspotter XIV &#8211; As Locomotivas da S\u00e9rie 1960 (reedi\u00e7\u00e3o ampliada)"},"content":{"rendered":"<p style=\"text-align: justify;\"><strong>Re-edi\u00e7\u00e3o ampliada em formato livro da Trainspotter dedicada \u00e0s locomotivas 1960<\/strong><\/p>\n<p>A presente edi\u00e7\u00e3o inclui:<\/p>\n<ul>\n<li>Aquisi\u00e7\u00e3o e especifica\u00e7\u00e3o t\u00e9cnica<\/li>\n<li>Ensaios e primeiros anos<\/li>\n<li>A epopeia da Beira Alta<\/li>\n<li>Nas mercadorias, em exclusivo<\/li>\n<li>O decl\u00ednio da s\u00e9rie<\/li>\n<li>Manuten\u00e7\u00e3o e estat\u00edsticas<\/li>\n<li>Circula\u00e7\u00f5es especiais<\/li>\n<li>Na cabine de uma 1960<\/li>\n<li>Os \u00faltimos quil\u00f3metros<\/li>\n<\/ul>\n<p>Formato livro, com impress\u00e3o de alta qualidade.<\/p>\n<p>A revista Trainspotter \u00e9 editada pelo portal <a href=\"http:\/\/www.portugalferroviario.net\" target=\"_blank\" rel=\"noopener noreferrer\">Portugal Ferrovi\u00e1rio<\/a> e a sua edi\u00e7\u00e3o impressa \u00e9 cedida gratuitamente \u00e0 APAC, que a imprime e distribui. As verbas reunidas permitir\u00e3o investir em projetos de preserva\u00e7\u00e3o ferrovi\u00e1ria. Comprar a Trainspotter \u00e9 colaborar com a preserva\u00e7\u00e3o da mem\u00f3ria coletiva!<\/p>\n","protected":false},"excerpt":{"rendered":"<p style=\"text-align: justify;\">A Trainspotter XIV \u00e9 dedicada \u00e0s locomotivas 1960, sendo uma re-edi\u00e7\u00e3o e amplia\u00e7\u00e3o da Trainspotter II, h\u00e1 muito esgotada, para marcar o momento da iminente retirada de servi\u00e7o da s\u00e9rie. Cerca de 30% das fotografias s\u00e3o novas e todos os textos foram revistos e ampliados com mais detalhes sobre a s\u00e9rie, contando ainda com actualiza\u00e7\u00e3o do estado da s\u00e9rie.<\/p>\n<p>Esta nova edi\u00e7\u00e3o \u00e9 em formato livro.<\/p>\n<p style=\"text-align: justify;\">O livro est\u00e1 em pr\u00e9-venda at\u00e9 ao dia 15 de Dezembro a pre\u00e7o promocional, com distribui\u00e7\u00e3o prevista para o m\u00eas de Janeiro de 2023.<\/p>\n","protected":false},"featured_media":19410,"comment_status":"open","ping_status":"closed","template":"","meta":[],"product_brand":[],"product_cat":[11],"product_tag":[48],"class_list":{"0":"post-19409","1":"product","2":"type-product","3":"status-publish","4":"has-post-thumbnail","6":"product_cat-trainspotter-versao-impressa","7":"product_tag-cp-1960","8":"product_shipping_class-libros-medios","10":"first","11":"outofstock","12":"taxable","13":"shipping-taxable","14":"purchasable","15":"product-type-simple"},"_links":{"self":[{"href":"https:\/\/www.caminhosdeferro.pt\/loja\/wp-json\/wp\/v2\/product\/19409","targetHints":{"allow":["GET"]}}],"collection":[{"href":"https:\/\/www.caminhosdeferro.pt\/loja\/wp-json\/wp\/v2\/product"}],"about":[{"href":"https:\/\/www.caminhosdeferro.pt\/loja\/wp-json\/wp\/v2\/types\/product"}],"replies":[{"embeddable":true,"href":"https:\/\/www.caminhosdeferro.pt\/loja\/wp-json\/wp\/v2\/comments?post=19409"}],"wp:featuredmedia":[{"embeddable":true,"href":"https:\/\/www.caminhosdeferro.pt\/loja\/wp-json\/wp\/v2\/media\/19410"}],"wp:attachment":[{"href":"https:\/\/www.caminhosdeferro.pt\/loja\/wp-json\/wp\/v2\/media?parent=19409"}],"wp:term":[{"taxonomy":"product_brand","embeddable":true,"href":"https:\/\/www.caminhosdeferro.pt\/loja\/wp-json\/wp\/v2\/product_brand?post=19409"},{"taxonomy":"product_cat","embeddable":true,"href":"https:\/\/www.caminhosdeferro.pt\/loja\/wp-json\/wp\/v2\/product_cat?post=19409"},{"taxonomy":"product_tag","embeddable":true,"href":"https:\/\/www.caminhosdeferro.pt\/loja\/wp-json\/wp\/v2\/product_tag?post=19409"}],"curies":[{"name":"wp","href":"https:\/\/api.w.org\/{rel}","templated":true}]}}