{"id":19265,"date":"2022-06-02T12:15:20","date_gmt":"2022-06-02T12:15:20","guid":{"rendered":"https:\/\/www.caminhosdeferro.pt\/loja\/?post_type=product&#038;p=19265"},"modified":"2024-11-30T09:12:28","modified_gmt":"2024-11-30T09:12:28","slug":"bastao-piloto-252-maio-2022","status":"publish","type":"product","link":"https:\/\/www.caminhosdeferro.pt\/loja\/produto\/bastao-piloto-252-maio-2022\/","title":{"rendered":"Bast\u00e3o Piloto 252 &#8211; Maio 2022"},"content":{"rendered":"","protected":false},"excerpt":{"rendered":"<p>Edi\u00e7\u00e3o n\u00famero 252 do Bast\u00e3o Piloto.<\/p>\n<p>Em destaque, o passeio da APAC \u00e0 Beira Interior.<\/p>\n","protected":false},"featured_media":19266,"comment_status":"open","ping_status":"closed","template":"","meta":[],"product_brand":[],"product_cat":[9],"product_tag":[],"class_list":{"0":"post-19265","1":"product","2":"type-product","3":"status-publish","4":"has-post-thumbnail","6":"product_cat-bastao-piloto","7":"product_shipping_class-livros","9":"first","10":"instock","11":"taxable","12":"shipping-taxable","13":"purchasable","14":"product-type-simple"},"_links":{"self":[{"href":"https:\/\/www.caminhosdeferro.pt\/loja\/wp-json\/wp\/v2\/product\/19265","targetHints":{"allow":["GET"]}}],"collection":[{"href":"https:\/\/www.caminhosdeferro.pt\/loja\/wp-json\/wp\/v2\/product"}],"about":[{"href":"https:\/\/www.caminhosdeferro.pt\/loja\/wp-json\/wp\/v2\/types\/product"}],"replies":[{"embeddable":true,"href":"https:\/\/www.caminhosdeferro.pt\/loja\/wp-json\/wp\/v2\/comments?post=19265"}],"wp:featuredmedia":[{"embeddable":true,"href":"https:\/\/www.caminhosdeferro.pt\/loja\/wp-json\/wp\/v2\/media\/19266"}],"wp:attachment":[{"href":"https:\/\/www.caminhosdeferro.pt\/loja\/wp-json\/wp\/v2\/media?parent=19265"}],"wp:term":[{"taxonomy":"product_brand","embeddable":true,"href":"https:\/\/www.caminhosdeferro.pt\/loja\/wp-json\/wp\/v2\/product_brand?post=19265"},{"taxonomy":"product_cat","embeddable":true,"href":"https:\/\/www.caminhosdeferro.pt\/loja\/wp-json\/wp\/v2\/product_cat?post=19265"},{"taxonomy":"product_tag","embeddable":true,"href":"https:\/\/www.caminhosdeferro.pt\/loja\/wp-json\/wp\/v2\/product_tag?post=19265"}],"curies":[{"name":"wp","href":"https:\/\/api.w.org\/{rel}","templated":true}]}}