{"id":18819,"date":"2021-10-28T10:58:56","date_gmt":"2021-10-28T10:58:56","guid":{"rendered":"https:\/\/www.caminhosdeferro.pt\/loja\/?post_type=product&#038;p=18819"},"modified":"2026-03-29T20:33:03","modified_gmt":"2026-03-29T20:33:03","slug":"trainspotter-xiii-historia-recente-da-ferrovia-em-portugal","status":"publish","type":"product","link":"https:\/\/www.caminhosdeferro.pt\/loja\/produto\/trainspotter-xiii-historia-recente-da-ferrovia-em-portugal\/","title":{"rendered":"Trainspotter XIII &#8211; Hist\u00f3ria Recente da Ferrovia em Portugal"},"content":{"rendered":"<p><strong>D\u00e9cima terceira edi\u00e7\u00e3o da Trainspotter, vers\u00e3o impressa &#8211; o livro comemorativo dos 165 anos dos Caminhos de Ferro em Portugal<\/strong><\/p>\n<p>Esta edi\u00e7\u00e3o detalha com grande pormenor os seguintes temas:<\/p>\n<ul>\n<li>Pref\u00e1cio<\/li>\n<li>Editorial<\/li>\n<li>Contexto hist\u00f3rico em 1991<\/li>\n<li>Um novo come\u00e7o &#8211; a hist\u00f3ria a partir da inaugura\u00e7\u00e3o da ponte de S\u00e3o Jo\u00e3o\n<ul>\n<li>Reestrutura\u00e7\u00e3o oficinal<\/li>\n<li>Os grandes projectos de infraestruturas<\/li>\n<li>Novos marcos de seguran\u00e7a<\/li>\n<li>Programa de novo material Circulante<\/li>\n<\/ul>\n<\/li>\n<li>Os rearranjos institucionais<\/li>\n<li>Finalmente, o Museu Nacional Ferrovi\u00e1rio<\/li>\n<li>\u00c0 boleia dos eventos internacionais\n<ul>\n<li>O programa de electrifica\u00e7\u00e3o e beneficia\u00e7\u00e3o da rede<\/li>\n<li>Novos paradigmas operacionais<\/li>\n<\/ul>\n<\/li>\n<li>Segunda vida para o material circulante\n<ul>\n<li>Os projectos de moderniza\u00e7\u00e3o<\/li>\n<li>As vendas de material circulante e o seu fruto<\/li>\n<\/ul>\n<\/li>\n<li>Entre a Alta Velocidade e a Estagna\u00e7\u00e3o<\/li>\n<li>A transi\u00e7\u00e3o nas redes urbanas\n<ul>\n<li>Metro do Porto<\/li>\n<li>STCP &#8211; Carro El\u00e9ctrico<\/li>\n<li>Carris<\/li>\n<li>Metro de Lisboa<\/li>\n<li>Metro Sul do Tejo<\/li>\n<\/ul>\n<\/li>\n<li>Os grandes desafios e oportunidades\n<ul>\n<li>A rentabiliza\u00e7\u00e3o do patrim\u00f3nio edificado<\/li>\n<li>Turismo e Circula\u00e7\u00f5es especiais<\/li>\n<li>Ferrovia 2020 e PNI 2030<\/li>\n<li>A necessidade de um Plano Ferrovi\u00e1rio Nacional<\/li>\n<li>O regaste da CP<\/li>\n<li>Um transporte de mercadorias pujante<\/li>\n<\/ul>\n<\/li>\n<li>Ep\u00edlogo<\/li>\n<\/ul>\n<p>Formato livro de tamanho A4, com papel de 150 gr e capa dura, com cerca de 200 p\u00e1ginas.<\/p>\n<p>Ver em informa\u00e7\u00e3o adicional detalhes sobre as possibilidades de entrega e prazos previstos.<\/p>\n<p>A revista Trainspotter \u00e9 editada pelo portal <a href=\"http:\/\/www.portugalferroviario.net\" target=\"_blank\" rel=\"noopener noreferrer\">Portugal Ferrovi\u00e1rio<\/a> e a sua edi\u00e7\u00e3o impressa \u00e9 cedida gratuitamente \u00e0 APAC, que a imprime e distribui. As verbas reunidas permitir\u00e3o investir em projetos de preserva\u00e7\u00e3o ferrovi\u00e1ria. Comprar a Trainspotter \u00e9 colaborar com a preserva\u00e7\u00e3o da mem\u00f3ria coletiva!<\/p>\n","protected":false},"excerpt":{"rendered":"<p>Trainspotter XIII &#8211; Edi\u00e7\u00e3o Comemorativa dos 165 anos dos Caminhos de Ferro em Portugal<\/p>\n<p>Uma edi\u00e7\u00e3o de luxo, em formato livro com capa dura de 200 p\u00e1ginas, com a sistematiza\u00e7\u00e3o da hist\u00f3ria ferrovi\u00e1ria nacional dos \u00faltimos 30 anos.<\/p>\n","protected":false},"featured_media":18864,"comment_status":"open","ping_status":"closed","template":"","meta":[],"product_brand":[],"product_cat":[11],"product_tag":[],"class_list":{"0":"post-18819","1":"product","2":"type-product","3":"status-publish","4":"has-post-thumbnail","6":"product_cat-trainspotter-versao-impressa","7":"product_shipping_class-libros-medios","9":"first","10":"instock","11":"taxable","12":"shipping-taxable","13":"purchasable","14":"product-type-simple"},"_links":{"self":[{"href":"https:\/\/www.caminhosdeferro.pt\/loja\/wp-json\/wp\/v2\/product\/18819","targetHints":{"allow":["GET"]}}],"collection":[{"href":"https:\/\/www.caminhosdeferro.pt\/loja\/wp-json\/wp\/v2\/product"}],"about":[{"href":"https:\/\/www.caminhosdeferro.pt\/loja\/wp-json\/wp\/v2\/types\/product"}],"replies":[{"embeddable":true,"href":"https:\/\/www.caminhosdeferro.pt\/loja\/wp-json\/wp\/v2\/comments?post=18819"}],"wp:featuredmedia":[{"embeddable":true,"href":"https:\/\/www.caminhosdeferro.pt\/loja\/wp-json\/wp\/v2\/media\/18864"}],"wp:attachment":[{"href":"https:\/\/www.caminhosdeferro.pt\/loja\/wp-json\/wp\/v2\/media?parent=18819"}],"wp:term":[{"taxonomy":"product_brand","embeddable":true,"href":"https:\/\/www.caminhosdeferro.pt\/loja\/wp-json\/wp\/v2\/product_brand?post=18819"},{"taxonomy":"product_cat","embeddable":true,"href":"https:\/\/www.caminhosdeferro.pt\/loja\/wp-json\/wp\/v2\/product_cat?post=18819"},{"taxonomy":"product_tag","embeddable":true,"href":"https:\/\/www.caminhosdeferro.pt\/loja\/wp-json\/wp\/v2\/product_tag?post=18819"}],"curies":[{"name":"wp","href":"https:\/\/api.w.org\/{rel}","templated":true}]}}