{"id":18606,"date":"2021-09-15T07:43:34","date_gmt":"2021-09-15T07:43:34","guid":{"rendered":"https:\/\/www.caminhosdeferro.pt\/loja\/?post_type=product&#038;p=18606"},"modified":"2026-04-09T23:54:16","modified_gmt":"2026-04-09T23:54:16","slug":"as-locomotivas-alsthom-2600-da-cp","status":"publish","type":"product","link":"https:\/\/www.caminhosdeferro.pt\/loja\/produto\/as-locomotivas-alsthom-2600-da-cp\/","title":{"rendered":"As Locomotivas Alsthom 2600 da CP"},"content":{"rendered":"<p>Livro dedicado \u00e0s locomotivas el\u00e9ctricas 2600 da CP, cujos lucros s\u00e3o 100% destinados aos projectos de preserva\u00e7\u00e3o da Associa\u00e7\u00e3o Portuguesa dos Amigos de Ferro.<\/p>\n<p>Neste livro \u00e9 contada a hist\u00f3ria completa das vinte e uma locomotivas Alsthom, fornecidas por interm\u00e9dio do Groupement 50 Hz, que circulam em Portugal desde 1974 e que se tornaram numa das imagens mais ic\u00f3nicas da rede nacional. Ao longo de 400 p\u00e1ginas, o livro relata com pormenor as origens, concep\u00e7\u00e3o, hist\u00f3ria e caracter\u00edsticas das locomotivas, recorrendo a um arsenal intermin\u00e1vel de fotografias e documenta\u00e7\u00e3o diversa.<\/p>\n<p>O livro resulta de uma investiga\u00e7\u00e3o de v\u00e1rios anos do autor, e conta com a colabora\u00e7\u00e3o essencial dos arquivos da CP para ir ao detalhe. \u00c9 a maior compila\u00e7\u00e3o de sempre sobre material motor portugu\u00eas, rivalizando com alguns dos mais importantes livros sobre esta mat\u00e9ria publicados na Europa.<\/p>\n<p>&nbsp;<\/p>\n<hr \/>\n<p><strong>Cap\u00edtulos \/ Chapters<\/strong><\/p>\n<p>Pref\u00e1cio, por Nuno Freitas<br \/>\nIntrodu\u00e7\u00e3o<br \/>\nO caminho da electrifica\u00e7\u00e3o<br \/>\nA g\u00e9nese do projecto 2600<br \/>\nAs locomotivas CP 6 da Alsthom<br \/>\n40 anos em primeiro plano<br \/>\nManuten\u00e7\u00e3o e dep\u00f3sitos<br \/>\nAs rainhas da trac\u00e7\u00e3o el\u00e9ctrica<br \/>\nEventos e composi\u00e7\u00f5es<br \/>\nO renascer da f\u00e9nix<br \/>\nEp\u00edlogo<br \/>\nCronologia<br \/>\nAgradecimentos<\/p>\n<p>&nbsp;<\/p>\n<hr \/>\n<p><strong>Fotografia e documenta\u00e7\u00e3o:<\/strong><\/p>\n<ul>\n<li>Mais de 250 fotografias Fotografias<\/li>\n<li>Documentos hist\u00f3ricos<\/li>\n<li>Mapas de grandes repara\u00e7\u00f5es da s\u00e9rie<\/li>\n<li>Rota\u00e7\u00f5es de material motor<\/li>\n<\/ul>\n","protected":false},"excerpt":{"rendered":"<p>Em &#8220;Informa\u00e7\u00e3o Adicional&#8221; poder\u00e1 consultar os detalhes desta magn\u00edfica obra, de acabamento de superior qualidade e 400 p\u00e1ginas a cores.<\/p>\n<p><em>Fran\u00e7ais: Ce livre est pr\u00e9sent\u00e9 en langue portugaise, l\u00e9gendes en Portugais et Fran\u00e7ais et un r\u00e9sum\u00e9 en fran\u00e7ais en tous les chapitres essentiels.<\/em><\/p>\n","protected":false},"featured_media":18607,"comment_status":"open","ping_status":"closed","template":"","meta":[],"product_brand":[],"product_cat":[134],"product_tag":[119,148,38,49,149,110],"class_list":{"0":"post-18606","1":"product","2":"type-product","3":"status-publish","4":"has-post-thumbnail","6":"product_cat-livros_apac","7":"product_tag-alsthom","8":"product_tag-cp-2600","9":"product_tag-fotografia","10":"product_tag-historia","11":"product_tag-locomotiva","12":"product_tag-portugues","13":"product_shipping_class-pack_livros","15":"first","16":"instock","17":"taxable","18":"shipping-taxable","19":"purchasable","20":"product-type-simple"},"_links":{"self":[{"href":"https:\/\/www.caminhosdeferro.pt\/loja\/wp-json\/wp\/v2\/product\/18606","targetHints":{"allow":["GET"]}}],"collection":[{"href":"https:\/\/www.caminhosdeferro.pt\/loja\/wp-json\/wp\/v2\/product"}],"about":[{"href":"https:\/\/www.caminhosdeferro.pt\/loja\/wp-json\/wp\/v2\/types\/product"}],"replies":[{"embeddable":true,"href":"https:\/\/www.caminhosdeferro.pt\/loja\/wp-json\/wp\/v2\/comments?post=18606"}],"wp:featuredmedia":[{"embeddable":true,"href":"https:\/\/www.caminhosdeferro.pt\/loja\/wp-json\/wp\/v2\/media\/18607"}],"wp:attachment":[{"href":"https:\/\/www.caminhosdeferro.pt\/loja\/wp-json\/wp\/v2\/media?parent=18606"}],"wp:term":[{"taxonomy":"product_brand","embeddable":true,"href":"https:\/\/www.caminhosdeferro.pt\/loja\/wp-json\/wp\/v2\/product_brand?post=18606"},{"taxonomy":"product_cat","embeddable":true,"href":"https:\/\/www.caminhosdeferro.pt\/loja\/wp-json\/wp\/v2\/product_cat?post=18606"},{"taxonomy":"product_tag","embeddable":true,"href":"https:\/\/www.caminhosdeferro.pt\/loja\/wp-json\/wp\/v2\/product_tag?post=18606"}],"curies":[{"name":"wp","href":"https:\/\/api.w.org\/{rel}","templated":true}]}}