{"id":18585,"date":"2021-07-04T17:33:01","date_gmt":"2021-07-04T17:33:01","guid":{"rendered":"https:\/\/www.caminhosdeferro.pt\/loja\/?post_type=product&#038;p=18585"},"modified":"2025-05-22T18:45:30","modified_gmt":"2025-05-22T18:45:30","slug":"bastao-piloto-250-julho-de-2021","status":"publish","type":"product","link":"https:\/\/www.caminhosdeferro.pt\/loja\/produto\/bastao-piloto-250-julho-de-2021\/","title":{"rendered":"Bast\u00e3o Piloto 250 &#8211; Julho de 2021"},"content":{"rendered":"<p>\u00cdndice dos principais temas:<\/p>\n<ul>\n<li>O Meu Bast\u00e3o Piloto<\/li>\n<li>Imagens de um passado&#8230; que n\u00e3o existiu! &#8211; recupera\u00e7\u00e3o de um artigo de Gon\u00e7alo Sampaio Ribeiro<\/li>\n<li>Alta velocidade em Portugal: alguns pontos de discuss\u00e3o &#8211; recupera\u00e7\u00e3o de um artigo de Maur\u00edcio Levy<\/li>\n<li>El\u00e9ctricos do Porto: uma aventura de 125 anos &#8211; parte II<\/li>\n<li>Ponte S. Jo\u00e3o &#8211; 30 anos e muitas hist\u00f3rias<\/li>\n<li>O ramal de Caminho de Ferro Industrial de Maceira \u00e0 Esta\u00e7\u00e3o da Martingan\u00e7a da empresa de Cimentos de Leiria<\/li>\n<li>Cr\u00f3nicas de viagem &#8211; cabine C<\/li>\n<li>O directo 13<\/li>\n<li>Uma bela descoberta nas oficinas da Figueira da Foz<\/li>\n<li>Schindler e APAC &#8211; apontamentos para a hist\u00f3ria da preserva\u00e7\u00e3o ferrovi\u00e1ria<\/li>\n<li>Esta\u00e7\u00f5es Ferrovi\u00e1rias de Portugal das linhas do Minho, do Douro, da Beira Alta e do Norte: hist\u00f3ria, arquitectura e explora\u00e7\u00e3o<\/li>\n<li>Tunes, 29 de Agosto de 1983<\/li>\n<li>Funcheira &#8211; Beja (Linha do Alentejo)<\/li>\n<li>Engenharia ferrovi\u00e1ria: an\u00e1lise de desgaste ondulat\u00f3rio de acordo com as normas EN ISO 3095 e EN 15610<\/li>\n<li>A estrat\u00e9gia da CP na reposi\u00e7\u00e3o ao servi\u00e7o de material circulante que estava imobilizado<\/li>\n<li>Vida Associativa<\/li>\n<\/ul>\n","protected":false},"excerpt":{"rendered":"<p>Edi\u00e7\u00e3o muito especial do Bast\u00e3o Piloto para o seu 250\u00ba n\u00famero, com um total de 136 p\u00e1ginas.<\/p>\n<p>N\u00e3o fique de fora de uma edi\u00e7\u00e3o hist\u00f3rica do mais antigo peri\u00f3dico nacional ainda em circula\u00e7\u00e3o consagrado aos caminhos de ferro!<\/p>\n","protected":false},"featured_media":18586,"comment_status":"open","ping_status":"closed","template":"","meta":[],"product_brand":[],"product_cat":[9],"product_tag":[],"class_list":{"0":"post-18585","1":"product","2":"type-product","3":"status-publish","4":"has-post-thumbnail","6":"product_cat-bastao-piloto","7":"product_shipping_class-libros-medios","9":"first","10":"instock","11":"taxable","12":"shipping-taxable","13":"purchasable","14":"product-type-simple"},"_links":{"self":[{"href":"https:\/\/www.caminhosdeferro.pt\/loja\/wp-json\/wp\/v2\/product\/18585","targetHints":{"allow":["GET"]}}],"collection":[{"href":"https:\/\/www.caminhosdeferro.pt\/loja\/wp-json\/wp\/v2\/product"}],"about":[{"href":"https:\/\/www.caminhosdeferro.pt\/loja\/wp-json\/wp\/v2\/types\/product"}],"replies":[{"embeddable":true,"href":"https:\/\/www.caminhosdeferro.pt\/loja\/wp-json\/wp\/v2\/comments?post=18585"}],"wp:featuredmedia":[{"embeddable":true,"href":"https:\/\/www.caminhosdeferro.pt\/loja\/wp-json\/wp\/v2\/media\/18586"}],"wp:attachment":[{"href":"https:\/\/www.caminhosdeferro.pt\/loja\/wp-json\/wp\/v2\/media?parent=18585"}],"wp:term":[{"taxonomy":"product_brand","embeddable":true,"href":"https:\/\/www.caminhosdeferro.pt\/loja\/wp-json\/wp\/v2\/product_brand?post=18585"},{"taxonomy":"product_cat","embeddable":true,"href":"https:\/\/www.caminhosdeferro.pt\/loja\/wp-json\/wp\/v2\/product_cat?post=18585"},{"taxonomy":"product_tag","embeddable":true,"href":"https:\/\/www.caminhosdeferro.pt\/loja\/wp-json\/wp\/v2\/product_tag?post=18585"}],"curies":[{"name":"wp","href":"https:\/\/api.w.org\/{rel}","templated":true}]}}