{"id":18107,"date":"2020-08-29T18:35:43","date_gmt":"2020-08-29T18:35:43","guid":{"rendered":"http:\/\/www.caminhosdeferro.pt\/loja\/?post_type=product&#038;p=18107"},"modified":"2026-03-18T23:08:08","modified_gmt":"2026-03-18T23:08:08","slug":"trainspotter-xii-as-locomotivas-1550","status":"publish","type":"product","link":"https:\/\/www.caminhosdeferro.pt\/loja\/produto\/trainspotter-xii-as-locomotivas-1550\/","title":{"rendered":"Trainspotter XII &#8211; As locomotivas da s\u00e9rie 1550"},"content":{"rendered":"<p><strong>D\u00e9cima segunda edi\u00e7\u00e3o da Trainspotter, vers\u00e3o impressa &#8211; as magn\u00edficas locomotivas MLW 1550<\/strong><\/p>\n<p>Esta edi\u00e7\u00e3o detalha com grande pormenor os seguintes temas:<\/p>\n<ul>\n<li>As origens das 1550<\/li>\n<li>Aquisi\u00e7\u00e3o e Ensaios das 1550<\/li>\n<li>Caracter\u00edsticas t\u00e9cnicas<\/li>\n<li>O longo reinado nas linhas da Beira Interior<\/li>\n<li>Especializa\u00e7\u00e3o no servi\u00e7o de mercadorias<\/li>\n<li>O decl\u00ednio na CP Carga<\/li>\n<li>A nova aposta da Takargo<\/li>\n<li>A nova hist\u00f3ria da 1554<\/li>\n<li>Condu\u00e7\u00e3o e manuten\u00e7\u00e3o das 1550<\/li>\n<\/ul>\n<p>Revista 100% a cores e com papel de muito boa qualidade. Cerca de 80 p\u00e1ginas, encaderna\u00e7\u00e3o com capa fresada e colada e lombada identificadora.<\/p>\n<p>Ver em informa\u00e7\u00e3o adicional detalhes sobre as possibilidades de entrega e prazos previstos.<\/p>\n<p>A revista Trainspotter \u00e9 editada pelo portal <a href=\"http:\/\/www.portugalferroviario.net\" target=\"_blank\" rel=\"noopener noreferrer\">Portugal Ferrovi\u00e1rio<\/a> e a sua edi\u00e7\u00e3o impressa \u00e9 cedida gratuitamente \u00e0 APAC, que a imprime e distribui. As verbas reunidas permitir\u00e3o investir em projetos de preserva\u00e7\u00e3o ferrovi\u00e1ria. Comprar a Trainspotter \u00e9 colaborar com a preserva\u00e7\u00e3o da mem\u00f3ria coletiva!<\/p>\n","protected":false},"excerpt":{"rendered":"<p style=\"text-align: justify;\">A Trainspotter XII faz a resenha hist\u00f3rica e um tributo \u00e0s lend\u00e1rias locomotivas 1550.<\/p>\n<p style=\"text-align: justify;\">Como \u00e9 habitual, trazemos para as p\u00e1ginas da Trainspotter m\u00faltiplas colabora\u00e7\u00f5es que emprestam a este n\u00famero a qualidade a que j\u00e1 habitu\u00e1mos os nossos leitores. Ao longo das p\u00e1ginas desta revista, reencontramo-nos com a hist\u00f3ria e as imagens que preenchem o imagin\u00e1rio criado por estas locomotivas produzidas no Canad\u00e1 em 1973.<\/p>\n<p><strong>Devido \u00e0 situa\u00e7\u00e3o sanit\u00e1ria no nosso pa\u00eds, recomendamos a op\u00e7\u00e3o de entrega em casa mediante servi\u00e7o de entrega postal. Reduzimos o valor cobrado para esta op\u00e7\u00e3o de modo a facilitarmos a sua escolha. N\u00e3o existe ainda previs\u00e3o de reabertura das sedes devido a esta situa\u00e7\u00e3o, pelo que a op\u00e7\u00e3o de recolha nas sedes pode enfrentar s\u00e9rios atrasos.<\/strong><\/p>\n","protected":false},"featured_media":18111,"comment_status":"open","ping_status":"closed","template":"","meta":[],"product_brand":[],"product_cat":[11],"product_tag":[81],"class_list":{"0":"post-18107","1":"product","2":"type-product","3":"status-publish","4":"has-post-thumbnail","6":"product_cat-trainspotter-versao-impressa","7":"product_tag-cp-1550","8":"product_shipping_class-livros","10":"first","11":"instock","12":"taxable","13":"shipping-taxable","14":"purchasable","15":"product-type-simple"},"_links":{"self":[{"href":"https:\/\/www.caminhosdeferro.pt\/loja\/wp-json\/wp\/v2\/product\/18107","targetHints":{"allow":["GET"]}}],"collection":[{"href":"https:\/\/www.caminhosdeferro.pt\/loja\/wp-json\/wp\/v2\/product"}],"about":[{"href":"https:\/\/www.caminhosdeferro.pt\/loja\/wp-json\/wp\/v2\/types\/product"}],"replies":[{"embeddable":true,"href":"https:\/\/www.caminhosdeferro.pt\/loja\/wp-json\/wp\/v2\/comments?post=18107"}],"wp:featuredmedia":[{"embeddable":true,"href":"https:\/\/www.caminhosdeferro.pt\/loja\/wp-json\/wp\/v2\/media\/18111"}],"wp:attachment":[{"href":"https:\/\/www.caminhosdeferro.pt\/loja\/wp-json\/wp\/v2\/media?parent=18107"}],"wp:term":[{"taxonomy":"product_brand","embeddable":true,"href":"https:\/\/www.caminhosdeferro.pt\/loja\/wp-json\/wp\/v2\/product_brand?post=18107"},{"taxonomy":"product_cat","embeddable":true,"href":"https:\/\/www.caminhosdeferro.pt\/loja\/wp-json\/wp\/v2\/product_cat?post=18107"},{"taxonomy":"product_tag","embeddable":true,"href":"https:\/\/www.caminhosdeferro.pt\/loja\/wp-json\/wp\/v2\/product_tag?post=18107"}],"curies":[{"name":"wp","href":"https:\/\/api.w.org\/{rel}","templated":true}]}}