{"id":15405,"date":"2019-12-05T19:27:26","date_gmt":"2019-12-05T19:27:26","guid":{"rendered":"http:\/\/www.caminhosdeferro.pt\/loja\/?post_type=product&#038;p=15405"},"modified":"2024-10-27T16:48:06","modified_gmt":"2024-10-27T16:48:06","slug":"bastao-piloto-246-dezembro-2019","status":"publish","type":"product","link":"https:\/\/www.caminhosdeferro.pt\/loja\/produto\/bastao-piloto-246-dezembro-2019\/","title":{"rendered":"Bast\u00e3o Piloto 246 &#8211; Dezembro 2019"},"content":{"rendered":"<p>Edi\u00e7\u00e3o 246 do Bast\u00e3o Piloto<\/p>\n","protected":false},"excerpt":{"rendered":"<p>N\u00famero 245 da Bast\u00e3o Piloto, revista oficial da APAC<\/p>\n<p>Edi\u00e7\u00e3o 100% a cores.<\/p>\n","protected":false},"featured_media":15406,"comment_status":"open","ping_status":"closed","template":"","meta":[],"product_brand":[],"product_cat":[9],"product_tag":[],"class_list":{"0":"post-15405","1":"product","2":"type-product","3":"status-publish","4":"has-post-thumbnail","6":"product_cat-bastao-piloto","7":"product_shipping_class-livros","9":"first","10":"instock","11":"taxable","12":"shipping-taxable","13":"purchasable","14":"product-type-simple"},"_links":{"self":[{"href":"https:\/\/www.caminhosdeferro.pt\/loja\/wp-json\/wp\/v2\/product\/15405","targetHints":{"allow":["GET"]}}],"collection":[{"href":"https:\/\/www.caminhosdeferro.pt\/loja\/wp-json\/wp\/v2\/product"}],"about":[{"href":"https:\/\/www.caminhosdeferro.pt\/loja\/wp-json\/wp\/v2\/types\/product"}],"replies":[{"embeddable":true,"href":"https:\/\/www.caminhosdeferro.pt\/loja\/wp-json\/wp\/v2\/comments?post=15405"}],"wp:featuredmedia":[{"embeddable":true,"href":"https:\/\/www.caminhosdeferro.pt\/loja\/wp-json\/wp\/v2\/media\/15406"}],"wp:attachment":[{"href":"https:\/\/www.caminhosdeferro.pt\/loja\/wp-json\/wp\/v2\/media?parent=15405"}],"wp:term":[{"taxonomy":"product_brand","embeddable":true,"href":"https:\/\/www.caminhosdeferro.pt\/loja\/wp-json\/wp\/v2\/product_brand?post=15405"},{"taxonomy":"product_cat","embeddable":true,"href":"https:\/\/www.caminhosdeferro.pt\/loja\/wp-json\/wp\/v2\/product_cat?post=15405"},{"taxonomy":"product_tag","embeddable":true,"href":"https:\/\/www.caminhosdeferro.pt\/loja\/wp-json\/wp\/v2\/product_tag?post=15405"}],"curies":[{"name":"wp","href":"https:\/\/api.w.org\/{rel}","templated":true}]}}