{"id":1493,"date":"2018-07-09T18:08:55","date_gmt":"2018-07-09T18:08:55","guid":{"rendered":"https:\/\/www.caminhosdeferro.pt\/loja\/?post_type=product&#038;p=1493"},"modified":"2024-05-14T08:12:48","modified_gmt":"2024-05-14T08:12:48","slug":"bastao-piloto-243-julho-de-2018","status":"publish","type":"product","link":"https:\/\/www.caminhosdeferro.pt\/loja\/produto\/bastao-piloto-243-julho-de-2018\/","title":{"rendered":"Bast\u00e3o Piloto 243 &#8211; Julho de 2018"},"content":{"rendered":"<p>Temas da edi\u00e7\u00e3o 243 do Bast\u00e3o Piloto:<\/p>\n<ul>\n<li>Sud Express &#8211; 130 anos de aventuras sobre carris<\/li>\n<li>Linha do Tua &#8211; 130 anos de bravura e de agrura<\/li>\n<li>As infraestruturas da linha do Tua<\/li>\n<li>O encerramento do sistema das linhas de via m\u00e9trica da \u00e1rea do Porto<\/li>\n<li>SPADs &#8211; Signals passed at danger<\/li>\n<li>A Linha do T\u00e2mega<\/li>\n<li>Um novo transcontinental?<\/li>\n<li>Plano do dia &#8211; Circula\u00e7\u00f5es urbanas entre Coimbra e Coimbra-B<\/li>\n<li>A viagem a Madrid<\/li>\n<li>As automotoras Nohab fazem 70 anos<\/li>\n<li>Vida associativa<\/li>\n<\/ul>\n","protected":false},"excerpt":{"rendered":"<p>N\u00famero 243 da Bast\u00e3o Piloto, revista oficial da APAC<\/p>\n<p>Edi\u00e7\u00e3o de 84 p\u00e1ginas e 100% a cores.<\/p>\n","protected":false},"featured_media":1494,"comment_status":"open","ping_status":"closed","template":"","meta":[],"product_brand":[],"product_cat":[9],"product_tag":[],"class_list":{"0":"post-1493","1":"product","2":"type-product","3":"status-publish","4":"has-post-thumbnail","6":"product_cat-bastao-piloto","7":"product_shipping_class-livros","9":"first","10":"instock","11":"taxable","12":"shipping-taxable","13":"purchasable","14":"product-type-simple"},"_links":{"self":[{"href":"https:\/\/www.caminhosdeferro.pt\/loja\/wp-json\/wp\/v2\/product\/1493","targetHints":{"allow":["GET"]}}],"collection":[{"href":"https:\/\/www.caminhosdeferro.pt\/loja\/wp-json\/wp\/v2\/product"}],"about":[{"href":"https:\/\/www.caminhosdeferro.pt\/loja\/wp-json\/wp\/v2\/types\/product"}],"replies":[{"embeddable":true,"href":"https:\/\/www.caminhosdeferro.pt\/loja\/wp-json\/wp\/v2\/comments?post=1493"}],"wp:featuredmedia":[{"embeddable":true,"href":"https:\/\/www.caminhosdeferro.pt\/loja\/wp-json\/wp\/v2\/media\/1494"}],"wp:attachment":[{"href":"https:\/\/www.caminhosdeferro.pt\/loja\/wp-json\/wp\/v2\/media?parent=1493"}],"wp:term":[{"taxonomy":"product_brand","embeddable":true,"href":"https:\/\/www.caminhosdeferro.pt\/loja\/wp-json\/wp\/v2\/product_brand?post=1493"},{"taxonomy":"product_cat","embeddable":true,"href":"https:\/\/www.caminhosdeferro.pt\/loja\/wp-json\/wp\/v2\/product_cat?post=1493"},{"taxonomy":"product_tag","embeddable":true,"href":"https:\/\/www.caminhosdeferro.pt\/loja\/wp-json\/wp\/v2\/product_tag?post=1493"}],"curies":[{"name":"wp","href":"https:\/\/api.w.org\/{rel}","templated":true}]}}