{"id":1305,"date":"2018-05-16T20:00:11","date_gmt":"2018-05-16T20:00:11","guid":{"rendered":"https:\/\/www.caminhosdeferro.pt\/loja\/?post_type=product&#038;p=1305"},"modified":"2025-10-11T07:12:58","modified_gmt":"2025-10-11T07:12:58","slug":"trainspotter-viii-a-linha-do-douro-volume-2","status":"publish","type":"product","link":"https:\/\/www.caminhosdeferro.pt\/loja\/produto\/trainspotter-viii-a-linha-do-douro-volume-2\/","title":{"rendered":"Trainspotter VIII &#8211; A Linha do Douro &#8211; Volume 2 &#8211; Com defeito"},"content":{"rendered":"<p><strong>Oitava edi\u00e7\u00e3o da Trainspotter, vers\u00e3o impressa<\/strong><\/p>\n<p>Esta edi\u00e7\u00e3o detalha com grande pormenor os seguintes temas:<\/p>\n<ul>\n<li>As pontes da linha do Douro<\/li>\n<li>Os t\u00faneis da linha do Douro<\/li>\n<\/ul>\n<p>Revista 100% a cores e com papel de muito boa qualidade. 84 p\u00e1ginas, encaderna\u00e7\u00e3o com capa fresada e colada e lombada identificadora.<\/p>\n<p>Ver em informa\u00e7\u00e3o adicional detalhes sobre as possibilidades de entrega.<\/p>\n<p>A revista Trainspotter \u00e9 editada pelo portal <a href=\"http:\/\/www.portugalferroviario.net\" target=\"_blank\" rel=\"noopener noreferrer\">Portugal Ferrovi\u00e1rio<\/a> e a sua edi\u00e7\u00e3o impressa \u00e9 cedida gratuitamente \u00e0 APAC, que a imprime e distribui. As verbas reunidas permitir\u00e3o investir em projetos de preserva\u00e7\u00e3o ferrovi\u00e1ria. Comprar a Trainspotter \u00e9 colaborar com a preserva\u00e7\u00e3o da mem\u00f3ria coletiva!<\/p>\n","protected":false},"excerpt":{"rendered":"<p><strong>N\u00e3o nos sobram mais unidades desta revista sem defeito. Dado o interesse da publica\u00e7\u00e3o, disponibilizamos ao p\u00fablico as \u00faltimas unidades que possu\u00edmos, que t\u00eam um corte na parte exterior da lombada, vis\u00edvel. N\u00e3o t\u00eam qualquer dano no interior. A redu\u00e7\u00e3o de pre\u00e7o \u00e9 aplic\u00e1vel aos items danificados. N\u00e3o s\u00e3o aceites reclama\u00e7\u00f5es devido a este defeito.<\/strong><\/p>\n<hr \/>\n<p style=\"text-align: justify;\">A Trainspotter VIII \u00e9 a segunda parte das revistas consagradas \u00e0 linha do Douro!<\/p>\n<p style=\"text-align: justify;\">Contamos com a colabora\u00e7\u00e3o de v\u00e1rios autores que emprestam a esta edi\u00e7\u00e3o de 84 p\u00e1ginas os seus melhores textos e fotografias sobre o magn\u00edfico itiner\u00e1rio entre Ermesinde e Barca d&#8217;Alva.<\/p>\n<p style=\"text-align: justify;\">Reedi\u00e7\u00e3o muito limitada.<\/p>\n","protected":false},"featured_media":1306,"comment_status":"open","ping_status":"closed","template":"","meta":[],"product_brand":[],"product_cat":[11],"product_tag":[55],"class_list":{"0":"post-1305","1":"product","2":"type-product","3":"status-publish","4":"has-post-thumbnail","6":"product_cat-trainspotter-versao-impressa","7":"product_tag-linha-do-douro","8":"product_shipping_class-livros","10":"first","11":"outofstock","12":"taxable","13":"shipping-taxable","14":"purchasable","15":"product-type-simple"},"_links":{"self":[{"href":"https:\/\/www.caminhosdeferro.pt\/loja\/wp-json\/wp\/v2\/product\/1305","targetHints":{"allow":["GET"]}}],"collection":[{"href":"https:\/\/www.caminhosdeferro.pt\/loja\/wp-json\/wp\/v2\/product"}],"about":[{"href":"https:\/\/www.caminhosdeferro.pt\/loja\/wp-json\/wp\/v2\/types\/product"}],"replies":[{"embeddable":true,"href":"https:\/\/www.caminhosdeferro.pt\/loja\/wp-json\/wp\/v2\/comments?post=1305"}],"wp:featuredmedia":[{"embeddable":true,"href":"https:\/\/www.caminhosdeferro.pt\/loja\/wp-json\/wp\/v2\/media\/1306"}],"wp:attachment":[{"href":"https:\/\/www.caminhosdeferro.pt\/loja\/wp-json\/wp\/v2\/media?parent=1305"}],"wp:term":[{"taxonomy":"product_brand","embeddable":true,"href":"https:\/\/www.caminhosdeferro.pt\/loja\/wp-json\/wp\/v2\/product_brand?post=1305"},{"taxonomy":"product_cat","embeddable":true,"href":"https:\/\/www.caminhosdeferro.pt\/loja\/wp-json\/wp\/v2\/product_cat?post=1305"},{"taxonomy":"product_tag","embeddable":true,"href":"https:\/\/www.caminhosdeferro.pt\/loja\/wp-json\/wp\/v2\/product_tag?post=1305"}],"curies":[{"name":"wp","href":"https:\/\/api.w.org\/{rel}","templated":true}]}}