{"id":1085,"date":"2018-06-01T06:44:54","date_gmt":"2018-06-01T06:44:54","guid":{"rendered":"https:\/\/www.caminhosdeferro.pt\/loja\/?post_type=product&#038;p=1085"},"modified":"2025-05-18T09:44:55","modified_gmt":"2025-05-18T09:44:55","slug":"as-automotoras-nohab-em-portugal-nohab-railcars-in-portugal","status":"publish","type":"product","link":"https:\/\/www.caminhosdeferro.pt\/loja\/produto\/as-automotoras-nohab-em-portugal-nohab-railcars-in-portugal\/","title":{"rendered":"Nohab, as automotoras em Portugal \/ Nohab railcars in Portugal"},"content":{"rendered":"<p>Livro comemorativo dos 70 anos das automotoras Nohab em Portugal, com proveitos dedicados a 100% ao projeto de restauro de uma automotora Nohab da cole\u00e7\u00e3o do Museu Nacional Ferrovi\u00e1rio e assegurado pela APAC.<\/p>\n<p>O livro \u00e9 uma in\u00e9dita recolha de hist\u00f3rias, documentos e fotografias sobre a longa carreira destas automotoras de excecional longevidade, efici\u00eancia e fiabilidade, num livro de edi\u00e7\u00e3o bilingue com acabamentos premium, capa dura e a cores. Distribui\u00e7\u00e3o exclusiva pela APAC.<\/p>\n<p>Produzido ap\u00f3s uma extensa investiga\u00e7\u00e3o hist\u00f3rica e com reprodu\u00e7\u00e3o de documentos, fotografias e esquemas oficiais provenientes da Nohab, da CP e Caminhos de Ferro do Estado.<\/p>\n<p>Em 2018 celebram-se os 70 anos da chegada a Portugal das primeiras automotoras diesel &#8211; as m\u00edticas Nohab. Em diversas vers\u00f5es de via larga e via estreita, estas automotoras serviram durante 58 anos nos Caminhos de Ferro Portugueses. Os seus lucros revertem a favor dos projetos de preserva\u00e7\u00e3o ferrovi\u00e1ria da APAC e desde logo ao restauro da \u00faltima Nohab de via larga &#8211; a 0111, do Museu Nacional Ferrovi\u00e1rio. O projeto pode ser acompanhado em:\u00a0<a href=\"https:\/\/www.caminhosdeferro.pt\/preservacao\/\" target=\"_blank\" rel=\"noopener noreferrer\">https:\/\/www.caminhosdeferro.pt\/preservacao\/<\/a><\/p>\n<p>&nbsp;<\/p>\n<hr \/>\n<p><em>70th anniversary edition &#8211; 100% of profits allocated to the National Museum 0111 railcar repair, ongoing project executed by APAC volunteers.<\/em><\/p>\n<p><em>This book is an outstanding compilation of recollections, documents and photographs from their long career, honouring their efficiency and reliability, through this high-quality colour, hard cover, bilingual book. APAC is the book&#8217;s exclusive distributor.<\/em><\/p>\n<p><em>This book was produced after extensive historic research, encompassing official documentation, photographs and diagrams from Nohab, CP and Caminhos de Ferro do Estado.<\/em><\/p>\n<p><em>In 2018 we celebrate the 70th anniversary of the first diesel railcars &#8211; the mythical Nohab. In several versions in both narrow and broad gauges, these railcars served for 58 years in the Portuguese Railways. Its profits are in favor of the APAC railway preservation projects and particularly to restore the last broad gauge Nohab &#8211; 0111, from the National Railway Museum. The project can be followed at: <a href=\"https:\/\/www.caminhosdeferro.pt\/preservacao\/\" target=\"_blank\" rel=\"noopener noreferrer\">https:\/\/www.caminhosdeferro.pt\/preservacao\/<\/a><\/em><\/p>\n<p>&nbsp;<\/p>\n<hr \/>\n<p>&nbsp;<\/p>\n<p><strong>Cap\u00edtulos \/ Chapters<\/strong><\/p>\n<p>Introdu\u00e7\u00e3o \/ Introduction<br \/>\nContexto Hist\u00f3rico \/ Historical context<br \/>\nAs novas automotoras \/ The new railcars<br \/>\nPelos Carris da Via Larga \/ On broad gauge lines<br \/>\nPelos Carris da Via Estreita \/ On narrow gauge lines<br \/>\nGrupo Oficinal \/ In the workshops<br \/>\nManuten\u00e7\u00e3o e Dep\u00f3sitos \/ Maintenance and depots<br \/>\nArgentina<br \/>\nPreserva\u00e7\u00e3o \/ Preservation<br \/>\nCronologia Nohab \/ Nohab Chronology<br \/>\nBibliografia \/ Bibliography<br \/>\nAgradecimentos \/ Acknowledgements<\/p>\n","protected":false},"excerpt":{"rendered":"<p>Em &#8220;Informa\u00e7\u00e3o Adicional&#8221; poder\u00e1 consultar os detalhes desta magn\u00edfica obra, de acabamento de superior qualidade e quase 300 p\u00e1ginas a cores.<\/p>\n<p>&nbsp;<\/p>\n<hr \/>\n<p>In &#8220;Informa\u00e7\u00e3o Adicional&#8221; you can see further details about this book, as well as information in english about the purchase process.<\/p>\n","protected":false},"featured_media":1649,"comment_status":"open","ping_status":"closed","template":"","meta":[],"product_brand":[],"product_cat":[134],"product_tag":[108,105,112,103,68,104,111,38,49,102,110,109,107,106],"class_list":{"0":"post-1085","1":"product","2":"type-product","3":"status-publish","4":"has-post-thumbnail","6":"product_cat-livros_apac","7":"product_tag-automotora","8":"product_tag-caminhos-de-ferro-do-estado","9":"product_tag-cp-comboios-de-portugal","10":"product_tag-cp-0050","11":"product_tag-cp-0100","12":"product_tag-cp-9100","13":"product_tag-english","14":"product_tag-fotografia","15":"product_tag-historia","16":"product_tag-nohab","17":"product_tag-portugues","18":"product_tag-railcar","19":"product_tag-scania","20":"product_tag-sweden","21":"product_shipping_class-livros-grandes","23":"first","24":"outofstock","25":"featured","26":"taxable","27":"shipping-taxable","28":"purchasable","29":"product-type-simple"},"_links":{"self":[{"href":"https:\/\/www.caminhosdeferro.pt\/loja\/wp-json\/wp\/v2\/product\/1085","targetHints":{"allow":["GET"]}}],"collection":[{"href":"https:\/\/www.caminhosdeferro.pt\/loja\/wp-json\/wp\/v2\/product"}],"about":[{"href":"https:\/\/www.caminhosdeferro.pt\/loja\/wp-json\/wp\/v2\/types\/product"}],"replies":[{"embeddable":true,"href":"https:\/\/www.caminhosdeferro.pt\/loja\/wp-json\/wp\/v2\/comments?post=1085"}],"wp:featuredmedia":[{"embeddable":true,"href":"https:\/\/www.caminhosdeferro.pt\/loja\/wp-json\/wp\/v2\/media\/1649"}],"wp:attachment":[{"href":"https:\/\/www.caminhosdeferro.pt\/loja\/wp-json\/wp\/v2\/media?parent=1085"}],"wp:term":[{"taxonomy":"product_brand","embeddable":true,"href":"https:\/\/www.caminhosdeferro.pt\/loja\/wp-json\/wp\/v2\/product_brand?post=1085"},{"taxonomy":"product_cat","embeddable":true,"href":"https:\/\/www.caminhosdeferro.pt\/loja\/wp-json\/wp\/v2\/product_cat?post=1085"},{"taxonomy":"product_tag","embeddable":true,"href":"https:\/\/www.caminhosdeferro.pt\/loja\/wp-json\/wp\/v2\/product_tag?post=1085"}],"curies":[{"name":"wp","href":"https:\/\/api.w.org\/{rel}","templated":true}]}}