{"id":7,"date":"2015-12-30T16:36:56","date_gmt":"2015-12-30T16:36:56","guid":{"rendered":"http:\/\/www.caminhosdeferro.pt\/loja\/my-account\/"},"modified":"2020-10-07T18:07:59","modified_gmt":"2020-10-07T18:07:59","slug":"my-account","status":"publish","type":"page","link":"https:\/\/www.caminhosdeferro.pt\/loja\/my-account\/","title":{"rendered":"A Minha Conta"},"content":{"rendered":"<p>Caso ainda n\u00e3o disponha de conta no site da APAC, por favor registe-se <a href=\"https:\/\/www.caminhosdeferro.pt\/?page_id=2423\" target=\"_blank\" rel=\"noopener noreferrer\">nesta liga\u00e7\u00e3o<\/a>.<\/p>\n<div class=\"woocommerce\"><\/div>\n\n\n<p><\/p>\n","protected":false},"excerpt":{"rendered":"<p>Caso ainda n\u00e3o disponha de conta no site da APAC, por favor registe-se nesta liga\u00e7\u00e3o.<\/p>\n","protected":false},"author":1,"featured_media":0,"parent":0,"menu_order":0,"comment_status":"closed","ping_status":"closed","template":"","meta":{"footnotes":""},"class_list":["post-7","page","type-page","status-publish","hentry"],"_links":{"self":[{"href":"https:\/\/www.caminhosdeferro.pt\/loja\/wp-json\/wp\/v2\/pages\/7","targetHints":{"allow":["GET"]}}],"collection":[{"href":"https:\/\/www.caminhosdeferro.pt\/loja\/wp-json\/wp\/v2\/pages"}],"about":[{"href":"https:\/\/www.caminhosdeferro.pt\/loja\/wp-json\/wp\/v2\/types\/page"}],"author":[{"embeddable":true,"href":"https:\/\/www.caminhosdeferro.pt\/loja\/wp-json\/wp\/v2\/users\/1"}],"replies":[{"embeddable":true,"href":"https:\/\/www.caminhosdeferro.pt\/loja\/wp-json\/wp\/v2\/comments?post=7"}],"version-history":[{"count":4,"href":"https:\/\/www.caminhosdeferro.pt\/loja\/wp-json\/wp\/v2\/pages\/7\/revisions"}],"predecessor-version":[{"id":18249,"href":"https:\/\/www.caminhosdeferro.pt\/loja\/wp-json\/wp\/v2\/pages\/7\/revisions\/18249"}],"wp:attachment":[{"href":"https:\/\/www.caminhosdeferro.pt\/loja\/wp-json\/wp\/v2\/media?parent=7"}],"curies":[{"name":"wp","href":"https:\/\/api.w.org\/{rel}","templated":true}]}}